{"id":1021,"date":"2024-01-29T15:38:08","date_gmt":"2024-01-29T12:38:08","guid":{"rendered":"https:\/\/wordpreshosting.com\/knt\/?post_type=product&#038;p=1021"},"modified":"2026-02-08T19:47:48","modified_gmt":"2026-02-08T16:47:48","slug":"l-konteyner","status":"publish","type":"product","link":"https:\/\/wordpreshosting.com\/knt\/l-konteyner\/","title":{"rendered":"L Konteyner Ev"},"content":{"rendered":"\r\n<figure class=\"wp-block-table is-style-stripes\">\r\n<h2 class=\"wp-block-table is-style-stripes\">L konteyner ev malzemeleri<\/h2>\r\n<table>\r\n<tbody>\r\n<tr>\r\n<td><strong>BETOPAN<\/strong><\/td>\r\n<td>14mm Alt Taban Betopan Kaplamas\u0131<\/td>\r\n<\/tr>\r\n<tr>\r\n<td><strong>SANDV\u0130\u00c7 PANEL<\/strong><\/td>\r\n<td>40mm Sandvi\u00e7 Panel<\/td>\r\n<\/tr>\r\n<tr>\r\n<td><strong>M\u0130NEFLO<\/strong><\/td>\r\n<td>1-2mm Mineflo Yer D\u00f6\u015femesi<\/td>\r\n<\/tr>\r\n<tr>\r\n<td><strong>LAMB\u0130R\u0130<\/strong><\/td>\r\n<td>10mm Kal\u0131nl\u0131\u011f\u0131nda Pvc Lambiri<\/td>\r\n<\/tr>\r\n<tr>\r\n<td><strong>CAM Y\u00dcN\u00dc<\/strong><\/td>\r\n<td>50mm Kal\u0131nl\u0131\u011f\u0131nda Cam Y\u00fcn\u00fc<\/td>\r\n<\/tr>\r\n<tr>\r\n<td><strong>TRAPEZ SA\u00c7<\/strong><\/td>\r\n<td>0,5mm \u00d6zel Profil Galvaniz Sa\u00e7<\/td>\r\n<\/tr>\r\n<tr>\r\n<td><strong>DI\u015e KAPI<\/strong><\/td>\r\n<td>900x2000mm 40mm Kal\u0131nl\u0131\u011f\u0131nda Sa\u00e7 Kap\u0131<\/td>\r\n<\/tr>\r\n<tr>\r\n<td><strong>\u0130\u00c7 KAPI<\/strong><\/td>\r\n<td>800x2000mm Amerikan Pres Panel Kap\u0131<\/td>\r\n<\/tr>\r\n<tr>\r\n<td><strong>KAPI K\u0130L\u0130D\u0130 &amp; KOLU<\/strong><\/td>\r\n<td>Kap\u0131 Kilidi ve Kap\u0131 Kolu<\/td>\r\n<\/tr>\r\n<tr>\r\n<td><strong>PENCERE<\/strong><\/td>\r\n<td>100&#215;120 Pvc Pencere<\/td>\r\n<\/tr>\r\n<tr>\r\n<td><strong>MENFEZ<\/strong><\/td>\r\n<td>15&#215;15 Menfez<\/td>\r\n<\/tr>\r\n<tr>\r\n<td><strong>\u0130\u00c7 GLOP<\/strong><\/td>\r\n<td>\u0130\u00e7 Ayd\u0131nlatmalar<\/td>\r\n<\/tr>\r\n<tr>\r\n<td><strong>KABLOLAR<\/strong><\/td>\r\n<td>NYM 3&#215;1,5 &#8211; 3&#215;2,5mm\u00b2 (TSE &#8211; ISO) Kablolar<\/td>\r\n<\/tr>\r\n<tr>\r\n<td><strong>NYM KABLO<\/strong><\/td>\r\n<td>220 Volt Kapasiteli 1034 NYM Kablo<\/td>\r\n<\/tr>\r\n<tr>\r\n<td><strong>S\u0130GORTA KUTUSU<\/strong><\/td>\r\n<td>TSE\u2019li 2\u2019li Kapak S\u0131va \u00dcst\u00fc<\/td>\r\n<\/tr>\r\n<tr>\r\n<td><strong>PR\u0130Z<\/strong><\/td>\r\n<td>TSE\u2019li S\u0131va \u00dcst\u00fc Priz<\/td>\r\n<\/tr>\r\n<tr>\r\n<td><strong>ANAHTAR<\/strong><\/td>\r\n<td>TSE\u2019li S\u0131va \u00dcst\u00fc Anahtar<\/td>\r\n<\/tr>\r\n<tr>\r\n<td><strong>BORULAR<\/strong><\/td>\r\n<td>Tesisat ve borular mevcuttur<\/td>\r\n<\/tr>\r\n<tr>\r\n<td><strong>KLOZET<\/strong><\/td>\r\n<td>Alafranga Klozet Seti<\/td>\r\n<\/tr>\r\n<tr>\r\n<td><strong>LAVABO<\/strong><\/td>\r\n<td>El y\u0131kama lavabosu mevcuttur<\/td>\r\n<\/tr>\r\n<tr>\r\n<td><strong>DU\u015e TEKNES\u0130<\/strong><\/td>\r\n<td>70x70cm Du\u015f Teknesi<\/td>\r\n<\/tr>\r\n<tr>\r\n<td><strong>MUSLUKLAR<\/strong><\/td>\r\n<td>Musluklar mevcuttur<\/td>\r\n<\/tr>\r\n<tr>\r\n<td><strong>MUTFAK EVYES\u0130<\/strong><\/td>\r\n<td>100&#215;50 Mutfak evyesi<\/td>\r\n<\/tr>\r\n<\/tbody>\r\n<\/table>\r\n<p>Di\u011fer haz\u0131r konteyner modellerimizi g\u00f6rmek i\u00e7in <a href=\"https:\/\/wordpreshosting.com\/knt\/konteyner\/ev\/hazir\/\">t\u0131klay\u0131n<\/a>.\u00a0<\/p>\r\n<\/figure>","protected":false},"excerpt":{"rendered":"<h2>L Konteyner Ev Boyutlar\u0131<\/h2>\n<h2>KDV Dahil Fiyat<\/h2>\n<table>\n<tbody>\n<tr>\n<td>Derinlik<\/td>\n<td>6m<\/td>\n<\/tr>\n<tr>\n<td>Geni\u015flik<\/td>\n<td>7m<\/td>\n<\/tr>\n<tr>\n<td>Kullan\u0131m Alan\u0131<\/td>\n<td>42m\u00b2<\/td>\n<\/tr>\n<tr>\n<td>Kapal\u0131 Kullan\u0131m Alan\u0131<\/td>\n<td>30m\u00b2<\/td>\n<\/tr>\n<tr>\n<td>Verandal\u0131 Kullan\u0131m Alan\u0131<\/td>\n<td>12m\u00b2<\/td>\n<\/tr>\n<\/tbody>\n<\/table>\n<ul>\n<li>Fiyatlar Samsun i\u00e7in kurulumlarda ge\u00e7erlidir. \u015eehir d\u0131\u015f\u0131 kurulumlarda hizmet bedeli yans\u0131t\u0131lacakt\u0131r.\u00a0<\/li>\n<li><strong>1 Y\u0131l \u0130\u015f\u00e7ilik ve Montaj Hatalar\u0131na Kar\u015f\u0131 Garantili<\/strong><\/li>\n<li><a href=\"https:\/\/wordpreshosting.com\/knt\">Knt Prefabrik<\/a> fabrikas\u0131nda \u00fcretim, h\u0131zl\u0131 teslimat\u00a0<\/li>\n<li>Y\u00fcksek Tavan Yal\u0131t\u0131m\u0131<\/li>\n<li>Elektrik Tesisat\u0131: \u0130\u00e7 glop, sigorta kutusu, priz ve anahtarlar tak\u0131lmaktad\u0131r.<\/li>\n<li>Ya\u015fam Konteyner \u0130\u00e7in S\u0131hhi Tesisat: Borular, Klozet, Lavabo, Du\u015f teknesi, tak\u0131lmaktad\u0131r.<\/li>\n<\/ul>\n","protected":false},"featured_media":3186,"comment_status":"open","ping_status":"closed","template":"","meta":[],"product_brand":[],"product_cat":[39,19],"product_tag":[50,52],"class_list":{"0":"post-1021","1":"product","2":"type-product","3":"status-publish","4":"has-post-thumbnail","6":"product_cat-hazir-konteyner-ev","7":"product_cat-konteyner-ev","8":"product_tag-2-1-konteyner","9":"product_tag-verandali-konteyner","11":"first","12":"instock","13":"taxable","14":"shipping-taxable","15":"purchasable","16":"product-type-simple"},"_links":{"self":[{"href":"https:\/\/wordpreshosting.com\/knt\/wp-json\/wp\/v2\/product\/1021","targetHints":{"allow":["GET"]}}],"collection":[{"href":"https:\/\/wordpreshosting.com\/knt\/wp-json\/wp\/v2\/product"}],"about":[{"href":"https:\/\/wordpreshosting.com\/knt\/wp-json\/wp\/v2\/types\/product"}],"replies":[{"embeddable":true,"href":"https:\/\/wordpreshosting.com\/knt\/wp-json\/wp\/v2\/comments?post=1021"}],"wp:featuredmedia":[{"embeddable":true,"href":"https:\/\/wordpreshosting.com\/knt\/wp-json\/wp\/v2\/media\/3186"}],"wp:attachment":[{"href":"https:\/\/wordpreshosting.com\/knt\/wp-json\/wp\/v2\/media?parent=1021"}],"wp:term":[{"taxonomy":"product_brand","embeddable":true,"href":"https:\/\/wordpreshosting.com\/knt\/wp-json\/wp\/v2\/product_brand?post=1021"},{"taxonomy":"product_cat","embeddable":true,"href":"https:\/\/wordpreshosting.com\/knt\/wp-json\/wp\/v2\/product_cat?post=1021"},{"taxonomy":"product_tag","embeddable":true,"href":"https:\/\/wordpreshosting.com\/knt\/wp-json\/wp\/v2\/product_tag?post=1021"}],"curies":[{"name":"wp","href":"https:\/\/api.w.org\/{rel}","templated":true}]}}