{"id":1093,"date":"2024-01-30T15:29:53","date_gmt":"2024-01-30T12:29:53","guid":{"rendered":"https:\/\/wordpreshosting.com\/knt\/?post_type=product&#038;p=1093"},"modified":"2026-02-08T19:44:54","modified_gmt":"2026-02-08T16:44:54","slug":"42m-verandali","status":"publish","type":"product","link":"https:\/\/wordpreshosting.com\/knt\/42m-verandali\/","title":{"rendered":"42 m\u00b2 Verandal\u0131 Konteyner Ev (63m\u00b2 Veranda)"},"content":{"rendered":"<h2>42 m\u00b2 Verandal\u0131 Konteyner Ev Malzemeleri<\/h2>\n<p>42 M\u00b2 Konteyner ve 63 M\u00b2 Verandal\u0131 ya\u015fam alan\u0131m\u0131z, y\u00fcksek kaliteli ve dayan\u0131kl\u0131 malzemelerle donat\u0131lm\u0131\u015f, konforlu ve kullan\u0131\u015fl\u0131 bir ya\u015fam alan\u0131 sunar. Modern ya\u015fam\u0131n t\u00fcm ihtiya\u00e7lar\u0131n\u0131 kar\u015f\u0131layacak \u015fekilde tasarlanm\u0131\u015f olan bu yap\u0131, hem i\u00e7 hem de d\u0131\u015f mekanlar\u0131yla size rahat ve huzurlu bir ya\u015fam alan\u0131 sunar.<\/p>\n<table>\n<thead>\n<tr>\n<th>Malzeme \/ Ekipman<\/th>\n<th>\u00d6zellikler<\/th>\n<\/tr>\n<\/thead>\n<tbody>\n<tr>\n<td>BETOPAN 14mm Alt Taban<\/td>\n<td>Betopan Kaplamas\u0131<\/td>\n<\/tr>\n<tr>\n<td>SANDV\u0130\u00c7 PANEL 40mm<\/td>\n<td>Sandvi\u00e7 Panel<\/td>\n<\/tr>\n<tr>\n<td>M\u0130NEFLO 1-2mm<\/td>\n<td>Mineflo Yer D\u00f6\u015femesi<\/td>\n<\/tr>\n<tr>\n<td>LAMB\u0130R\u0130 10mm<\/td>\n<td>Kal\u0131nl\u0131\u011f\u0131nda Pvc Lambiri<\/td>\n<\/tr>\n<tr>\n<td>CAM Y\u00dcN\u00dc 50mm<\/td>\n<td>Kal\u0131nl\u0131\u011f\u0131nda Cam Y\u00fcn\u00fc<\/td>\n<\/tr>\n<tr>\n<td>TRAPEZ SA\u00c7 0,5mm<\/td>\n<td>\u00d6zel Profil Galvaniz Sa\u00e7<\/td>\n<\/tr>\n<tr>\n<td>DI\u015e KAPI 900x2000mm<\/td>\n<td>40mm Kal\u0131nl\u0131\u011f\u0131nda Sa\u00e7 Kap\u0131<\/td>\n<\/tr>\n<tr>\n<td>\u0130\u00c7 KAPI 800x2000mm<\/td>\n<td>Amerikan Pres Panel Kap\u0131<\/td>\n<\/tr>\n<tr>\n<td>KAPI K\u0130L\u0130D\u0130 &amp; KOLU<\/td>\n<td>Kap\u0131 Kilidi ve Kap\u0131 Kolu<\/td>\n<\/tr>\n<tr>\n<td>PENCERE 100\u00d7120<\/td>\n<td>Pvc Pencere<\/td>\n<\/tr>\n<tr>\n<td>MENFEZ 15\u00d715<\/td>\n<td>Menfez<\/td>\n<\/tr>\n<tr>\n<td>\u0130\u00c7 GLOP<\/td>\n<td>\u0130\u00e7 Ayd\u0131nlatmalar<\/td>\n<\/tr>\n<tr>\n<td>KABLOLAR<\/td>\n<td>NYM 3\u00d71,5 \u2013 3\u00d72,5mm\u00b2 (TSE \u2013 ISO) Kablolar<\/td>\n<\/tr>\n<tr>\n<td>NYM KABLO<\/td>\n<td>220 Volt Kapasiteli 1034 NYM Kablo<\/td>\n<\/tr>\n<tr>\n<td>S\u0130GORTA KUTUSU<\/td>\n<td>TSE\u2019li 2\u2019li Kapak S\u0131va \u00dcst\u00fc<\/td>\n<\/tr>\n<tr>\n<td>PR\u0130Z<\/td>\n<td>TSE\u2019li S\u0131va \u00dcst\u00fc Priz<\/td>\n<\/tr>\n<tr>\n<td>ANAHTAR<\/td>\n<td>TSE\u2019li S\u0131va \u00dcst\u00fc Anahtar<\/td>\n<\/tr>\n<tr>\n<td>BORULAR<\/td>\n<td>Tesisat ve borular mevcuttur<\/td>\n<\/tr>\n<tr>\n<td>KLOZET<\/td>\n<td>Alafranga Klozet Seti<\/td>\n<\/tr>\n<tr>\n<td>LAVABO<\/td>\n<td>El y\u0131kama lavabosu mevcuttur<\/td>\n<\/tr>\n<tr>\n<td>DU\u015e TEKNES\u0130 70x70cm<\/td>\n<td>Du\u015f Teknesi<\/td>\n<\/tr>\n<tr>\n<td>MUSLUKLAR<\/td>\n<td>Musluklar mevcuttur<\/td>\n<\/tr>\n<tr>\n<td>MUTFAK EVYES\u0130 100\u00d750<\/td>\n<td>Mutfak<\/td>\n<\/tr>\n<tr>\n<td>Oluklar 100\u00d750<\/td>\n<td>Serbest Ak\u0131\u015f Oluk<\/td>\n<\/tr>\n<\/tbody>\n<\/table>\n","protected":false},"excerpt":{"rendered":"<h2>42 M\u00b2 Verandal\u0131 Konteyner Ev Boyutu<\/h2>\n<h2>KDV Dahil Fiyat<\/h2>\n<table>\n<thead>\n<tr>\n<th>\u00d6l\u00e7\u00fc<\/th>\n<th>De\u011fer (Birim)<\/th>\n<\/tr>\n<\/thead>\n<tbody>\n<tr>\n<td>Geni\u015flik<\/td>\n<td>7,00 m<\/td>\n<\/tr>\n<tr>\n<td>Derinlik<\/td>\n<td>6,00 m<\/td>\n<\/tr>\n<tr>\n<td>**Toplam Alan**<\/td>\n<td>63,00 m\u00b2<\/td>\n<\/tr>\n<tr>\n<td>**\u00c7at\u0131 Alan\u0131**<\/td>\n<td>21,00 m\u00b2<\/td>\n<\/tr>\n<\/tbody>\n<\/table>\n<p>&nbsp;<\/p>\n<ul>\n<li><strong>\u00dccretsiz<\/strong> kurulum (Samsun i\u00e7i kurulum fiyat\u0131d\u0131r. \u015eehir d\u0131\u015f\u0131 kurulumlarda hizmet bedeli yans\u0131t\u0131lacakt\u0131r.)<\/li>\n<li>\u0130\u015f\u00e7ilik hatalar\u0131na kar\u015f\u0131 <strong>1 y\u0131l garanti.<\/strong><\/li>\n<\/ul>\n","protected":false},"featured_media":3182,"comment_status":"open","ping_status":"closed","template":"","meta":[],"product_brand":[],"product_cat":[39,19],"product_tag":[50,53,52],"class_list":{"0":"post-1093","1":"product","2":"type-product","3":"status-publish","4":"has-post-thumbnail","6":"product_cat-hazir-konteyner-ev","7":"product_cat-konteyner-ev","8":"product_tag-2-1-konteyner","9":"product_tag-42-metrekare-konteyner","10":"product_tag-verandali-konteyner","12":"first","13":"instock","14":"taxable","15":"shipping-taxable","16":"purchasable","17":"product-type-simple"},"_links":{"self":[{"href":"https:\/\/wordpreshosting.com\/knt\/wp-json\/wp\/v2\/product\/1093","targetHints":{"allow":["GET"]}}],"collection":[{"href":"https:\/\/wordpreshosting.com\/knt\/wp-json\/wp\/v2\/product"}],"about":[{"href":"https:\/\/wordpreshosting.com\/knt\/wp-json\/wp\/v2\/types\/product"}],"replies":[{"embeddable":true,"href":"https:\/\/wordpreshosting.com\/knt\/wp-json\/wp\/v2\/comments?post=1093"}],"wp:featuredmedia":[{"embeddable":true,"href":"https:\/\/wordpreshosting.com\/knt\/wp-json\/wp\/v2\/media\/3182"}],"wp:attachment":[{"href":"https:\/\/wordpreshosting.com\/knt\/wp-json\/wp\/v2\/media?parent=1093"}],"wp:term":[{"taxonomy":"product_brand","embeddable":true,"href":"https:\/\/wordpreshosting.com\/knt\/wp-json\/wp\/v2\/product_brand?post=1093"},{"taxonomy":"product_cat","embeddable":true,"href":"https:\/\/wordpreshosting.com\/knt\/wp-json\/wp\/v2\/product_cat?post=1093"},{"taxonomy":"product_tag","embeddable":true,"href":"https:\/\/wordpreshosting.com\/knt\/wp-json\/wp\/v2\/product_tag?post=1093"}],"curies":[{"name":"wp","href":"https:\/\/api.w.org\/{rel}","templated":true}]}}