{"id":1104,"date":"2024-01-30T16:35:11","date_gmt":"2024-01-30T13:35:11","guid":{"rendered":"https:\/\/wordpreshosting.com\/knt\/?post_type=product&#038;p=1104"},"modified":"2026-02-08T20:00:56","modified_gmt":"2026-02-08T17:00:56","slug":"mk-102-tek-oda-konteyner","status":"publish","type":"product","link":"https:\/\/wordpreshosting.com\/knt\/mk-102-tek-oda-konteyner\/","title":{"rendered":"Tek Oda Konteyner (MK-102)"},"content":{"rendered":"<h2>Tek Oda Konteyner (MK-102) Malzemeleri<\/h2>\r\n\r\n<figure class=\"wp-block-table is-style-stripes\">\r\n<table>\r\n<tbody>\r\n<tr>\r\n<td>\r\n<p><strong><span style=\"vertical-align: inherit;\"><span style=\"vertical-align: inherit;\"><span style=\"vertical-align: inherit;\"><span style=\"vertical-align: inherit;\">betopan<\/span><\/span><\/span><\/span><\/strong><\/p>\r\n<\/td>\r\n<td>14mm Alt Taban Betopan Kaplamas\u0131<\/td>\r\n<\/tr>\r\n<tr>\r\n<td><strong>SANDV\u0130\u00c7 PANEL<\/strong><\/td>\r\n<td>40mm Sandvi\u00e7 Panel<\/td>\r\n<\/tr>\r\n<tr>\r\n<td><strong><span style=\"vertical-align: inherit;\"><span style=\"vertical-align: inherit;\"><span style=\"vertical-align: inherit;\"><span style=\"vertical-align: inherit;\">M\u0130NEFLO<\/span><\/span><\/span><\/span><\/strong><\/td>\r\n<td>1-2mm Mineflo Yer D\u00f6\u015femesi<\/td>\r\n<\/tr>\r\n<tr>\r\n<td><strong><span style=\"vertical-align: inherit;\"><span style=\"vertical-align: inherit;\"><span style=\"vertical-align: inherit;\"><span style=\"vertical-align: inherit;\">KUZU<\/span><\/span><\/span><\/span><\/strong><\/td>\r\n<td>10mm Kal\u0131nl\u0131\u011f\u0131nda Pvc Lambiri<\/td>\r\n<\/tr>\r\n<tr>\r\n<td><strong>CAM Y\u00dcN\u00dc<\/strong><\/td>\r\n<td>50mm Kal\u0131nl\u0131\u011f\u0131nda Cam Y\u00fcn\u00fc<\/td>\r\n<\/tr>\r\n<tr>\r\n<td><strong>TRAPEZ SA\u00c7<\/strong><\/td>\r\n<td>0,5mm \u00d6zel Profil Galvaniz Sa\u00e7<\/td>\r\n<\/tr>\r\n<tr>\r\n<td><strong>DI\u015e KAPI<\/strong><\/td>\r\n<td>900x2000mm 40mm Kal\u0131nl\u0131\u011f\u0131nda Sa\u00e7 Kap\u0131<\/td>\r\n<\/tr>\r\n<tr>\r\n<td><strong>\u0130\u00c7 KAPI<\/strong><\/td>\r\n<td>800x2000mm Amerikan Pres Panel Kap\u0131<\/td>\r\n<\/tr>\r\n<tr>\r\n<td><strong>KAPI K\u0130L\u0130D\u0130 &amp; KOLU<\/strong><\/td>\r\n<td>Kap\u0131 Kilidi ve Kap\u0131 Kolu<\/td>\r\n<\/tr>\r\n<tr>\r\n<td><strong>PENCERE<\/strong><\/td>\r\n<td><span style=\"vertical-align: inherit;\"><span style=\"vertical-align: inherit;\"><span style=\"vertical-align: inherit;\"><span style=\"vertical-align: inherit;\">100&#215;120 Pvc Pencere<\/span><\/span><\/span><\/span><\/td>\r\n<\/tr>\r\n<tr>\r\n<td>\u00a0<\/td>\r\n<td>\u00a0<\/td>\r\n<\/tr>\r\n<tr>\r\n<td><strong>MENFEZ<\/strong><\/td>\r\n<td>15&#215;15 Menfez<\/td>\r\n<\/tr>\r\n<tr>\r\n<td><strong><span style=\"vertical-align: inherit;\"><span style=\"vertical-align: inherit;\"><span style=\"vertical-align: inherit;\"><span style=\"vertical-align: inherit;\">\u0130\u00c7 GLOP<\/span><\/span><\/span><\/span><\/strong><\/td>\r\n<td>\u0130\u00e7 Ayd\u0131nlatmalar<\/td>\r\n<\/tr>\r\n<tr>\r\n<td><strong>KABLOLAR<\/strong><\/td>\r\n<td><span style=\"vertical-align: inherit;\"><span style=\"vertical-align: inherit;\"><span style=\"vertical-align: inherit;\"><span style=\"vertical-align: inherit;\">NYM 3&#215;1.5 &#8211; 3&#215;2.5mm\u00b2 (TSE &#8211; ISO) Kablolar<\/span><\/span><\/span><\/span><\/td>\r\n<\/tr>\r\n<tr>\r\n<td><strong><span style=\"vertical-align: inherit;\"><span style=\"vertical-align: inherit;\"><span style=\"vertical-align: inherit;\"><span style=\"vertical-align: inherit;\">NYM KABLOSU<\/span><\/span><\/span><\/span><\/strong><\/td>\r\n<td>220 Volt Kapasiteli 1034 NYM Kablo<\/td>\r\n<\/tr>\r\n<tr>\r\n<td><strong>S\u0130GORTA KUTUSU<\/strong><\/td>\r\n<td>TSE\u2019li 2\u2019li Kapak S\u0131va \u00dcst\u00fc<\/td>\r\n<\/tr>\r\n<tr>\r\n<td><strong><span style=\"vertical-align: inherit;\"><span style=\"vertical-align: inherit;\">ZEM\u0130N<\/span><\/span><\/strong><\/td>\r\n<td>TSE\u2019li S\u0131va \u00dcst\u00fc Priz<\/td>\r\n<\/tr>\r\n<tr>\r\n<td><strong>ANAHTAR<\/strong><\/td>\r\n<td>TSE\u2019li S\u0131va \u00dcst\u00fc Anahtar<\/td>\r\n<\/tr>\r\n<tr>\r\n<td><strong><span style=\"vertical-align: inherit;\"><span style=\"vertical-align: inherit;\"><span style=\"vertical-align: inherit;\"><span style=\"vertical-align: inherit;\">BORULAR<\/span><\/span><\/span><\/span><\/strong><\/td>\r\n<td>Tesisat ve borular mevcuttur<\/td>\r\n<\/tr>\r\n<tr>\r\n<td><strong>KLOZET<\/strong><\/td>\r\n<td>Alafranga Klozet Seti<\/td>\r\n<\/tr>\r\n<tr>\r\n<td><strong><span style=\"vertical-align: inherit;\"><span style=\"vertical-align: inherit;\"><span style=\"vertical-align: inherit;\"><span style=\"vertical-align: inherit;\">LAVABO<\/span><\/span><\/span><\/span><\/strong><\/td>\r\n<td>El y\u0131kama lavabosu mevcuttur<\/td>\r\n<\/tr>\r\n<tr>\r\n<td><strong>DU\u015e TEKNES\u0130<\/strong><\/td>\r\n<td>70x70cm Du\u015f Teknesi<\/td>\r\n<\/tr>\r\n<tr>\r\n<td><strong><span style=\"vertical-align: inherit;\"><span style=\"vertical-align: inherit;\"><span style=\"vertical-align: inherit;\"><span style=\"vertical-align: inherit;\">MUSLUKLAR<\/span><\/span><\/span><\/span><\/strong><\/td>\r\n<td>Musluklar mevcuttur<\/td>\r\n<\/tr>\r\n<tr>\r\n<td><strong>MUTFAK EVYES\u0130<\/strong><\/td>\r\n<td>100&#215;50 Mutfak evyesi<\/td>\r\n<\/tr>\r\n<\/tbody>\r\n<\/table>\r\n<\/figure>","protected":false},"excerpt":{"rendered":"<h2>Kdv Hari\u00e7 Fiyatlar<\/h2>\n<h2>Tek oda konteyner \u00f6zellikleri:<\/h2>\n<ul class=\"pl-3 pt-2\">\n<li>Y\u00fcksek Tavan Yal\u0131t\u0131m\u0131<\/li>\n<li>Standart konteynerin i\u00e7ten i\u00e7e y\u00fcksekli\u011fi: 225<\/li>\n<li>Standart konteynerin d\u0131\u015ftan d\u0131\u015fa y\u00fcksekli\u011fi: 250<\/li>\n<li>Elektrik Tesisat\u0131: \u0130\u00e7 glop, sigorta kutusu, priz ve anahtarlar tak\u0131lmaktad\u0131r.<\/li>\n<li>Ya\u015fam Konteyner \u0130\u00e7in S\u0131hhi Tesisat: Borular, Klozet, Lavabo, Du\u015f teknesi, tak\u0131lmaktad\u0131r.<\/li>\n<li>T\u00fcm konteynerler i\u015f\u00e7ilik hatalar\u0131na kar\u015f\u0131 1 y\u0131l garanti kapsam\u0131ndad\u0131r.<\/li>\n<\/ul>\n","protected":false},"featured_media":3202,"comment_status":"open","ping_status":"closed","template":"","meta":[],"product_brand":[],"product_cat":[39],"product_tag":[47,48],"class_list":{"0":"post-1104","1":"product","2":"type-product","3":"status-publish","4":"has-post-thumbnail","6":"product_cat-hazir-konteyner-ev","7":"product_tag-21-metrekare-konteyner","8":"product_tag-tek-oda-konteyner","10":"first","11":"instock","12":"taxable","13":"shipping-taxable","14":"purchasable","15":"product-type-simple"},"_links":{"self":[{"href":"https:\/\/wordpreshosting.com\/knt\/wp-json\/wp\/v2\/product\/1104","targetHints":{"allow":["GET"]}}],"collection":[{"href":"https:\/\/wordpreshosting.com\/knt\/wp-json\/wp\/v2\/product"}],"about":[{"href":"https:\/\/wordpreshosting.com\/knt\/wp-json\/wp\/v2\/types\/product"}],"replies":[{"embeddable":true,"href":"https:\/\/wordpreshosting.com\/knt\/wp-json\/wp\/v2\/comments?post=1104"}],"wp:featuredmedia":[{"embeddable":true,"href":"https:\/\/wordpreshosting.com\/knt\/wp-json\/wp\/v2\/media\/3202"}],"wp:attachment":[{"href":"https:\/\/wordpreshosting.com\/knt\/wp-json\/wp\/v2\/media?parent=1104"}],"wp:term":[{"taxonomy":"product_brand","embeddable":true,"href":"https:\/\/wordpreshosting.com\/knt\/wp-json\/wp\/v2\/product_brand?post=1104"},{"taxonomy":"product_cat","embeddable":true,"href":"https:\/\/wordpreshosting.com\/knt\/wp-json\/wp\/v2\/product_cat?post=1104"},{"taxonomy":"product_tag","embeddable":true,"href":"https:\/\/wordpreshosting.com\/knt\/wp-json\/wp\/v2\/product_tag?post=1104"}],"curies":[{"name":"wp","href":"https:\/\/api.w.org\/{rel}","templated":true}]}}