{"id":2122,"date":"2024-04-19T11:29:26","date_gmt":"2024-04-19T08:29:26","guid":{"rendered":"https:\/\/wordpreshosting.com\/knt\/?post_type=product&#038;p=2122"},"modified":"2026-02-14T16:23:42","modified_gmt":"2026-02-14T13:23:42","slug":"iki-katli-santiye-konteyner-siyah","status":"publish","type":"product","link":"https:\/\/wordpreshosting.com\/knt\/iki-katli-santiye-konteyner-siyah\/","title":{"rendered":"\u0130ki Katl\u0131 \u015eantiye Konteyner (Siyah)"},"content":{"rendered":"<figure class=\"wp-block-table is-style-stripes\">\n<h2>\u0130ki Katl\u0131 \u015eantiye Konteyner (Siyah) Malzemeleri<\/h2>\n<table>\n<tbody>\n<tr>\n<td><strong>BETOPAN<\/strong><\/td>\n<td>14mm Alt Taban Betopan Kaplamas\u0131<\/td>\n<\/tr>\n<tr>\n<td><strong>SANDV\u0130\u00c7 PANEL<\/strong><\/td>\n<td>40mm Sandvi\u00e7 Panel<\/td>\n<\/tr>\n<tr>\n<td><strong>M\u0130NEFLO<\/strong><\/td>\n<td>1-2mm Mineflo Yer D\u00f6\u015femesi<\/td>\n<\/tr>\n<tr>\n<td><strong>LAMB\u0130R\u0130<\/strong><\/td>\n<td>10mm Kal\u0131nl\u0131\u011f\u0131nda Pvc Lambiri<\/td>\n<\/tr>\n<tr>\n<td><strong>CAM Y\u00dcN\u00dc<\/strong><\/td>\n<td>50mm Kal\u0131nl\u0131\u011f\u0131nda Cam Y\u00fcn\u00fc<\/td>\n<\/tr>\n<tr>\n<td><strong>TRAPEZ SA\u00c7<\/strong><\/td>\n<td>0,5mm \u00d6zel Profil Galvaniz Sa\u00e7<\/td>\n<\/tr>\n<tr>\n<td><strong>DI\u015e KAPI<\/strong><\/td>\n<td>900x2000mm 40mm Kal\u0131nl\u0131\u011f\u0131nda Sa\u00e7 Kap\u0131<\/td>\n<\/tr>\n<tr>\n<td><strong>\u0130\u00c7 KAPI<\/strong><\/td>\n<td>800x2000mm Amerikan Pres Panel Kap\u0131<\/td>\n<\/tr>\n<tr>\n<td><strong>KAPI K\u0130L\u0130D\u0130 &amp; KOLU<\/strong><\/td>\n<td>Kap\u0131 Kilidi ve Kap\u0131 Kolu<\/td>\n<\/tr>\n<tr>\n<td><strong>PENCERE<\/strong><\/td>\n<td>100&#215;120 Pvc Pencere<\/td>\n<\/tr>\n<tr>\n<td><strong>MENFEZ<\/strong><\/td>\n<td>15&#215;15 Menfez<\/td>\n<\/tr>\n<tr>\n<td><strong>\u0130\u00c7 GLOP<\/strong><\/td>\n<td>\u0130\u00e7 Ayd\u0131nlatmalar<\/td>\n<\/tr>\n<tr>\n<td><strong>KABLOLAR<\/strong><\/td>\n<td>NYM 3&#215;1,5 &#8211; 3&#215;2,5mm\u00b2 (TSE &#8211; ISO) Kablolar<\/td>\n<\/tr>\n<tr>\n<td><strong>NYM KABLO<\/strong><\/td>\n<td>220 Volt Kapasiteli 1034 NYM Kablo<\/td>\n<\/tr>\n<tr>\n<td><strong>S\u0130GORTA KUTUSU<\/strong><\/td>\n<td>TSE\u2019li 2\u2019li Kapak S\u0131va \u00dcst\u00fc<\/td>\n<\/tr>\n<tr>\n<td><strong>PR\u0130Z<\/strong><\/td>\n<td>TSE\u2019li S\u0131va \u00dcst\u00fc Priz<\/td>\n<\/tr>\n<tr>\n<td><strong>ANAHTAR<\/strong><\/td>\n<td>TSE\u2019li S\u0131va \u00dcst\u00fc Anahtar<\/td>\n<\/tr>\n<tr>\n<td><strong>BORULAR<\/strong><\/td>\n<td>Tesisat ve borular mevcuttur<\/td>\n<\/tr>\n<tr>\n<td><strong>KLOZET<\/strong><\/td>\n<td>Alafranga Klozet Seti<\/td>\n<\/tr>\n<tr>\n<td><strong>LAVABO<\/strong><\/td>\n<td>El y\u0131kama lavabosu mevcuttur<\/td>\n<\/tr>\n<tr>\n<td><strong>DU\u015e TEKNES\u0130<\/strong><\/td>\n<td>70x70cm Du\u015f Teknesi<\/td>\n<\/tr>\n<tr>\n<td><strong>MUSLUKLAR<\/strong><\/td>\n<td>Musluklar mevcuttur<\/td>\n<\/tr>\n<tr>\n<td><strong>MUTFAK EVYES\u0130<\/strong><\/td>\n<td>100&#215;50 Mutfak evyesi<\/td>\n<\/tr>\n<\/tbody>\n<\/table>\n<\/figure>\n","protected":false},"excerpt":{"rendered":"<p><strong>Fiyatlar Samsun i\u00e7in kurulumlarda ge\u00e7erlidir. \u015eehir d\u0131\u015f\u0131 kurulumlarda hizmet bedeli yans\u0131t\u0131lacakt\u0131r.\u00a0<\/strong><\/p>\n<h2><\/h2>\n<h2>\u0130ki Katl\u0131 \u015eantiye Konteyner (Siyah)<\/h2>\n<ul>\n<li>\u0130lk Kat:<\/li>\n<\/ul>\n<table style=\"font-size: 14.4px;\">\n<tbody>\n<tr>\n<th>\u00d6zellik<\/th>\n<th>De\u011fer<\/th>\n<\/tr>\n<tr>\n<td>Y\u00fckseklik<\/td>\n<td>2,50 m<\/td>\n<\/tr>\n<tr>\n<td>Geni\u015flik<\/td>\n<td>7,00 m<\/td>\n<\/tr>\n<tr>\n<td>Derinlik<\/td>\n<td>3,00 m<\/td>\n<\/tr>\n<tr>\n<td>Toplam m\u00b2<\/td>\n<td>21,00 m\u00b2<\/td>\n<\/tr>\n<\/tbody>\n<\/table>\n<ul>\n<li>\u00a0\u0130kinci Kat:<\/li>\n<\/ul>\n<table style=\"font-size: 14.4px;\">\n<tbody>\n<tr>\n<th>\u00d6zellik<\/th>\n<th>De\u011fer<\/th>\n<\/tr>\n<tr>\n<td>Y\u00fckseklik<\/td>\n<td>2,50 m<\/td>\n<\/tr>\n<tr>\n<td>Geni\u015flik<\/td>\n<td>7,00 m<\/td>\n<\/tr>\n<tr>\n<td>Derinlik<\/td>\n<td>3,00 m<\/td>\n<\/tr>\n<tr>\n<td>Toplam m\u00b2<\/td>\n<td>21,00 m\u00b2<\/td>\n<\/tr>\n<\/tbody>\n<\/table>\n","protected":false},"featured_media":2125,"comment_status":"open","ping_status":"closed","template":"","meta":[],"product_brand":[],"product_cat":[17,36],"product_tag":[53],"class_list":{"0":"post-2122","1":"product","2":"type-product","3":"status-publish","4":"has-post-thumbnail","6":"product_cat-konteyner","7":"product_cat-iki-katli-konteyner","8":"product_tag-42-metrekare-konteyner","10":"first","11":"instock","12":"taxable","13":"shipping-taxable","14":"purchasable","15":"product-type-simple"},"_links":{"self":[{"href":"https:\/\/wordpreshosting.com\/knt\/wp-json\/wp\/v2\/product\/2122","targetHints":{"allow":["GET"]}}],"collection":[{"href":"https:\/\/wordpreshosting.com\/knt\/wp-json\/wp\/v2\/product"}],"about":[{"href":"https:\/\/wordpreshosting.com\/knt\/wp-json\/wp\/v2\/types\/product"}],"replies":[{"embeddable":true,"href":"https:\/\/wordpreshosting.com\/knt\/wp-json\/wp\/v2\/comments?post=2122"}],"wp:featuredmedia":[{"embeddable":true,"href":"https:\/\/wordpreshosting.com\/knt\/wp-json\/wp\/v2\/media\/2125"}],"wp:attachment":[{"href":"https:\/\/wordpreshosting.com\/knt\/wp-json\/wp\/v2\/media?parent=2122"}],"wp:term":[{"taxonomy":"product_brand","embeddable":true,"href":"https:\/\/wordpreshosting.com\/knt\/wp-json\/wp\/v2\/product_brand?post=2122"},{"taxonomy":"product_cat","embeddable":true,"href":"https:\/\/wordpreshosting.com\/knt\/wp-json\/wp\/v2\/product_cat?post=2122"},{"taxonomy":"product_tag","embeddable":true,"href":"https:\/\/wordpreshosting.com\/knt\/wp-json\/wp\/v2\/product_tag?post=2122"}],"curies":[{"name":"wp","href":"https:\/\/api.w.org\/{rel}","templated":true}]}}