{"id":2127,"date":"2024-04-19T12:14:04","date_gmt":"2024-04-19T09:14:04","guid":{"rendered":"https:\/\/wordpreshosting.com\/knt\/?post_type=product&#038;p=2127"},"modified":"2026-02-14T16:21:33","modified_gmt":"2026-02-14T13:21:33","slug":"iki-katli-antrasit-konteyner","status":"publish","type":"product","link":"https:\/\/wordpreshosting.com\/knt\/iki-katli-antrasit-konteyner\/","title":{"rendered":"\u0130ki Katl\u0131 Antrasit Konteyner"},"content":{"rendered":"<h2 class=\"wp-block-table is-style-stripes\">\u0130ki Katl\u0131 Antrasit Konteyner Malzemeleri<\/h2>\n<figure class=\"wp-block-table is-style-stripes\">\n<table>\n<tbody>\n<tr>\n<td><strong>BETOPAN<\/strong><\/td>\n<td>14mm Alt Taban Betopan Kaplamas\u0131<\/td>\n<\/tr>\n<tr>\n<td><strong>SANDV\u0130\u00c7 PANEL<\/strong><\/td>\n<td>40mm Sandvi\u00e7 Panel<\/td>\n<\/tr>\n<tr>\n<td><strong>M\u0130NEFLO<\/strong><\/td>\n<td>1-2mm Mineflo Yer D\u00f6\u015femesi<\/td>\n<\/tr>\n<tr>\n<td><strong>LAMB\u0130R\u0130<\/strong><\/td>\n<td>10mm Kal\u0131nl\u0131\u011f\u0131nda Pvc Lambiri<\/td>\n<\/tr>\n<tr>\n<td><strong>CAM Y\u00dcN\u00dc<\/strong><\/td>\n<td>50mm Kal\u0131nl\u0131\u011f\u0131nda Cam Y\u00fcn\u00fc<\/td>\n<\/tr>\n<tr>\n<td><strong>TRAPEZ SA\u00c7<\/strong><\/td>\n<td>0,5mm \u00d6zel Profil Galvaniz Sa\u00e7<\/td>\n<\/tr>\n<tr>\n<td><strong>DI\u015e KAPI<\/strong><\/td>\n<td>900x2000mm 40mm Kal\u0131nl\u0131\u011f\u0131nda Sa\u00e7 Kap\u0131<\/td>\n<\/tr>\n<tr>\n<td><strong>\u0130\u00c7 KAPI<\/strong><\/td>\n<td>800x2000mm Amerikan Pres Panel Kap\u0131<\/td>\n<\/tr>\n<tr>\n<td><strong>KAPI K\u0130L\u0130D\u0130 &amp; KOLU<\/strong><\/td>\n<td>Kap\u0131 Kilidi ve Kap\u0131 Kolu<\/td>\n<\/tr>\n<tr>\n<td><strong>PENCERE<\/strong><\/td>\n<td>100&#215;120 Pvc Pencere<\/td>\n<\/tr>\n<tr>\n<td><strong>MENFEZ<\/strong><\/td>\n<td>15&#215;15 Menfez<\/td>\n<\/tr>\n<tr>\n<td><strong>\u0130\u00c7 GLOP<\/strong><\/td>\n<td>\u0130\u00e7 Ayd\u0131nlatmalar<\/td>\n<\/tr>\n<tr>\n<td><strong>KABLOLAR<\/strong><\/td>\n<td>NYM 3&#215;1,5 &#8211; 3&#215;2,5mm\u00b2 (TSE &#8211; ISO) Kablolar<\/td>\n<\/tr>\n<tr>\n<td><strong>NYM KABLO<\/strong><\/td>\n<td>220 Volt Kapasiteli 1034 NYM Kablo<\/td>\n<\/tr>\n<tr>\n<td><strong>S\u0130GORTA KUTUSU<\/strong><\/td>\n<td>TSE\u2019li 2\u2019li Kapak S\u0131va \u00dcst\u00fc<\/td>\n<\/tr>\n<tr>\n<td><strong>PR\u0130Z<\/strong><\/td>\n<td>TSE\u2019li S\u0131va \u00dcst\u00fc Priz<\/td>\n<\/tr>\n<tr>\n<td><strong>ANAHTAR<\/strong><\/td>\n<td>TSE\u2019li S\u0131va \u00dcst\u00fc Anahtar<\/td>\n<\/tr>\n<tr>\n<td><strong>BORULAR<\/strong><\/td>\n<td>Tesisat ve borular mevcuttur<\/td>\n<\/tr>\n<tr>\n<td><strong>KLOZET<\/strong><\/td>\n<td>Alafranga Klozet Seti<\/td>\n<\/tr>\n<tr>\n<td><strong>LAVABO<\/strong><\/td>\n<td>El y\u0131kama lavabosu mevcuttur<\/td>\n<\/tr>\n<tr>\n<td><strong>DU\u015e TEKNES\u0130<\/strong><\/td>\n<td>70x70cm Du\u015f Teknesi<\/td>\n<\/tr>\n<tr>\n<td><strong>MUSLUKLAR<\/strong><\/td>\n<td>Musluklar mevcuttur<\/td>\n<\/tr>\n<tr>\n<td><strong>MUTFAK EVYES\u0130<\/strong><\/td>\n<td>100&#215;50 Mutfak evyesi<\/td>\n<\/tr>\n<\/tbody>\n<\/table>\n<\/figure>\n","protected":false},"excerpt":{"rendered":"<p>Fiyatlar Samsun i\u00e7in kurulumlarda ge\u00e7erlidir. \u015eehir d\u0131\u015f\u0131 kurulumlarda hizmet bedeli yans\u0131t\u0131lacakt\u0131r.<\/p>\n<h2 class=\"wp-block-table is-style-stripes\">\u0130ki Katl\u0131 Antrasit Konteyner Boyutlar\u0131<\/h2>\n<ul>\n<li>\u0130lk Kat:<\/li>\n<\/ul>\n<p>Cam \u00d6l\u00e7\u00fcleri: 200cmX200cm (Tek A\u00e7\u0131l\u0131r)<\/p>\n<p>\u0130\u00e7i bo\u015f fiyat\u0131d\u0131r, istedi\u011finiz \u00f6zelle\u015ftirmeleri sonradan ekleyebiliriz<\/p>\n<table style=\"font-size: 14.4px;\">\n<tbody>\n<tr>\n<th>\u00d6zellik<\/th>\n<th>De\u011fer<\/th>\n<\/tr>\n<tr>\n<td>Y\u00fckseklik<\/td>\n<td>2,50 m<\/td>\n<\/tr>\n<tr>\n<td>Geni\u015flik<\/td>\n<td>7,00 m<\/td>\n<\/tr>\n<tr>\n<td>Derinlik<\/td>\n<td>3,00 m<\/td>\n<\/tr>\n<tr>\n<td>Toplam m\u00b2<\/td>\n<td>21,00 m\u00b2<\/td>\n<\/tr>\n<\/tbody>\n<\/table>\n<ul>\n<li>\u00a0\u0130kinci Kat:<\/li>\n<\/ul>\n<p>Cam \u00d6l\u00e7\u00fcleri: 200cmX200cm (Tek A\u00e7\u0131l\u0131r)<\/p>\n<p>\u0130\u00e7i bo\u015f fiyat\u0131d\u0131r, istedi\u011finiz \u00f6zelle\u015ftirmeleri sonradan ekleyebiliriz<\/p>\n<table style=\"font-size: 14.4px;\">\n<tbody>\n<tr>\n<th>\u00d6zellik<\/th>\n<th>De\u011fer<\/th>\n<\/tr>\n<tr>\n<td>Y\u00fckseklik<\/td>\n<td>2,50 m<\/td>\n<\/tr>\n<tr>\n<td>Geni\u015flik<\/td>\n<td>7,00 m<\/td>\n<\/tr>\n<tr>\n<td>Derinlik<\/td>\n<td>3,00 m<\/td>\n<\/tr>\n<tr>\n<td>Toplam m\u00b2<\/td>\n<td>21,00 m\u00b2<\/td>\n<\/tr>\n<\/tbody>\n<\/table>\n<p>&nbsp;<\/p>\n","protected":false},"featured_media":2123,"comment_status":"open","ping_status":"closed","template":"","meta":[],"product_brand":[],"product_cat":[17,36],"product_tag":[50,53],"class_list":{"0":"post-2127","1":"product","2":"type-product","3":"status-publish","4":"has-post-thumbnail","6":"product_cat-konteyner","7":"product_cat-iki-katli-konteyner","8":"product_tag-2-1-konteyner","9":"product_tag-42-metrekare-konteyner","11":"first","12":"instock","13":"taxable","14":"shipping-taxable","15":"purchasable","16":"product-type-simple"},"_links":{"self":[{"href":"https:\/\/wordpreshosting.com\/knt\/wp-json\/wp\/v2\/product\/2127","targetHints":{"allow":["GET"]}}],"collection":[{"href":"https:\/\/wordpreshosting.com\/knt\/wp-json\/wp\/v2\/product"}],"about":[{"href":"https:\/\/wordpreshosting.com\/knt\/wp-json\/wp\/v2\/types\/product"}],"replies":[{"embeddable":true,"href":"https:\/\/wordpreshosting.com\/knt\/wp-json\/wp\/v2\/comments?post=2127"}],"wp:featuredmedia":[{"embeddable":true,"href":"https:\/\/wordpreshosting.com\/knt\/wp-json\/wp\/v2\/media\/2123"}],"wp:attachment":[{"href":"https:\/\/wordpreshosting.com\/knt\/wp-json\/wp\/v2\/media?parent=2127"}],"wp:term":[{"taxonomy":"product_brand","embeddable":true,"href":"https:\/\/wordpreshosting.com\/knt\/wp-json\/wp\/v2\/product_brand?post=2127"},{"taxonomy":"product_cat","embeddable":true,"href":"https:\/\/wordpreshosting.com\/knt\/wp-json\/wp\/v2\/product_cat?post=2127"},{"taxonomy":"product_tag","embeddable":true,"href":"https:\/\/wordpreshosting.com\/knt\/wp-json\/wp\/v2\/product_tag?post=2127"}],"curies":[{"name":"wp","href":"https:\/\/api.w.org\/{rel}","templated":true}]}}