{"id":2159,"date":"2024-04-23T10:04:19","date_gmt":"2024-04-23T07:04:19","guid":{"rendered":"https:\/\/wordpreshosting.com\/knt\/?post_type=product&#038;p=2159"},"modified":"2026-02-14T16:11:54","modified_gmt":"2026-02-14T13:11:54","slug":"konteyner-ofis","status":"publish","type":"product","link":"https:\/\/wordpreshosting.com\/knt\/konteyner-ofis\/","title":{"rendered":"Konteyner Ofis"},"content":{"rendered":"<h2>Konteyner Ofis Malzemeleri:<\/h2>\n<table>\n<tbody>\n<tr>\n<th>\u00dcr\u00fcn<\/th>\n<th>De\u011fer<\/th>\n<\/tr>\n<tr>\n<td>Malzeme<\/td>\n<td>Sandvi\u00e7 panel<\/td>\n<\/tr>\n<tr>\n<td>Kap\u0131<\/td>\n<td>\u00c7elik Kap\u0131<\/td>\n<\/tr>\n<tr>\n<td>Cam<\/td>\n<td>200x200cm<\/td>\n<\/tr>\n<tr>\n<td>Renk<\/td>\n<td>Antrasit<\/td>\n<\/tr>\n<tr>\n<td>BETOPAN<\/td>\n<td>14mm Alt Taban Betopan Kaplamas\u0131<\/td>\n<\/tr>\n<tr>\n<td>M\u0130NEFLO<\/td>\n<td>1-2mm Mineflo Yer D\u00f6\u015femesi<\/td>\n<\/tr>\n<tr>\n<td>LAMB\u0130R\u0130<\/td>\n<td>10mm Kal\u0131nl\u0131\u011f\u0131nda Pvc Lambiri<\/td>\n<\/tr>\n<tr>\n<td>CAM Y\u00dcN\u00dc<\/td>\n<td>50mm Kal\u0131nl\u0131\u011f\u0131nda Cam Y\u00fcn\u00fc<\/td>\n<\/tr>\n<tr>\n<td>TRAPEZ SA\u00c7<\/td>\n<td>0,5mm \u00d6zel Profil Galvaniz Sa\u00e7<\/td>\n<\/tr>\n<tr>\n<td>\u0130\u00c7 GLOP<\/td>\n<td>\u0130\u00e7 Ayd\u0131nlatmalar<\/td>\n<\/tr>\n<tr>\n<td>KABLOLAR<\/td>\n<td>NYM 3&#215;1,5 &#8211; 3&#215;2,5mm\u00b2 (TSE &#8211; ISO) Kablolar<\/td>\n<\/tr>\n<tr>\n<td>NYM KABLO<\/td>\n<td>220 Volt Kapasiteli 1034 NYM Kablo<\/td>\n<\/tr>\n<tr>\n<td>S\u0130GORTA KUTUSU<\/td>\n<td>TSE\u2019li 2\u2019li Kapak S\u0131va \u00dcst\u00fc<\/td>\n<\/tr>\n<tr>\n<td>PR\u0130Z<\/td>\n<td>TSE\u2019li S\u0131va \u00dcst\u00fc Priz<\/td>\n<\/tr>\n<tr>\n<td>ANAHTAR<\/td>\n<td>TSE\u2019li S\u0131va \u00dcst\u00fc Anahtar<\/td>\n<\/tr>\n<tr>\n<td>BORULAR<\/td>\n<td>Tesisat ve borular mevcuttur<\/td>\n<\/tr>\n<\/tbody>\n<\/table>\n<p>&nbsp;<\/p>\n","protected":false},"excerpt":{"rendered":"<h2>Konteyner Ofis \u00d6l\u00e7\u00fcleri:<\/h2>\n<table>\n<tbody>\n<tr>\n<th>\u00d6zellik<\/th>\n<th>De\u011fer<\/th>\n<\/tr>\n<tr>\n<td>Y\u00fckseklik<\/td>\n<td>2,50 m<\/td>\n<\/tr>\n<tr>\n<td>Geni\u015flik<\/td>\n<td>7,00 m<\/td>\n<\/tr>\n<tr>\n<td>Derinlik<\/td>\n<td>3,00 m<\/td>\n<\/tr>\n<tr>\n<td>Toplam m\u00b2<\/td>\n<td>21,00 m\u00b2<\/td>\n<\/tr>\n<\/tbody>\n<\/table>\n<ul>\n<li><strong>\u00dccretsiz<\/strong> kurulum<\/li>\n<li>\u0130\u015f\u00e7ilik hatalar\u0131na kar\u015f\u0131 <strong>1 y\u0131l garanti.<\/strong><\/li>\n<\/ul>\n","protected":false},"featured_media":2189,"comment_status":"open","ping_status":"closed","template":"","meta":[],"product_brand":[],"product_cat":[17,37],"product_tag":[47,48],"class_list":{"0":"post-2159","1":"product","2":"type-product","3":"status-publish","4":"has-post-thumbnail","6":"product_cat-konteyner","7":"product_cat-ofis-konteyner-konteyner","8":"product_tag-21-metrekare-konteyner","9":"product_tag-tek-oda-konteyner","11":"first","12":"instock","13":"taxable","14":"shipping-taxable","15":"purchasable","16":"product-type-simple"},"_links":{"self":[{"href":"https:\/\/wordpreshosting.com\/knt\/wp-json\/wp\/v2\/product\/2159","targetHints":{"allow":["GET"]}}],"collection":[{"href":"https:\/\/wordpreshosting.com\/knt\/wp-json\/wp\/v2\/product"}],"about":[{"href":"https:\/\/wordpreshosting.com\/knt\/wp-json\/wp\/v2\/types\/product"}],"replies":[{"embeddable":true,"href":"https:\/\/wordpreshosting.com\/knt\/wp-json\/wp\/v2\/comments?post=2159"}],"wp:featuredmedia":[{"embeddable":true,"href":"https:\/\/wordpreshosting.com\/knt\/wp-json\/wp\/v2\/media\/2189"}],"wp:attachment":[{"href":"https:\/\/wordpreshosting.com\/knt\/wp-json\/wp\/v2\/media?parent=2159"}],"wp:term":[{"taxonomy":"product_brand","embeddable":true,"href":"https:\/\/wordpreshosting.com\/knt\/wp-json\/wp\/v2\/product_brand?post=2159"},{"taxonomy":"product_cat","embeddable":true,"href":"https:\/\/wordpreshosting.com\/knt\/wp-json\/wp\/v2\/product_cat?post=2159"},{"taxonomy":"product_tag","embeddable":true,"href":"https:\/\/wordpreshosting.com\/knt\/wp-json\/wp\/v2\/product_tag?post=2159"}],"curies":[{"name":"wp","href":"https:\/\/api.w.org\/{rel}","templated":true}]}}