{"id":2251,"date":"2024-04-24T16:14:09","date_gmt":"2024-04-24T13:14:09","guid":{"rendered":"https:\/\/wordpreshosting.com\/knt\/?post_type=product&#038;p=2251"},"modified":"2025-06-24T01:01:31","modified_gmt":"2025-06-23T22:01:31","slug":"hazir-tuvalet-konteyner","status":"publish","type":"product","link":"https:\/\/wordpreshosting.com\/knt\/hazir-tuvalet-konteyner\/","title":{"rendered":"Haz\u0131r Tuvalet Kabin 3&#8217;l\u00fc"},"content":{"rendered":"<p>115&#215;300<\/p>\n","protected":false},"excerpt":{"rendered":"<p>&nbsp;<\/p>\n<ul class=\"pl-3 pt-2\">\n<li>\u0130\u015f\u00e7ilik hatalar\u0131na kar\u015f\u0131 1 y\u0131l garanti kapsam\u0131ndad\u0131r.<\/li>\n<\/ul>\n","protected":false},"featured_media":2252,"comment_status":"open","ping_status":"closed","template":"","meta":[],"product_brand":[],"product_cat":[38],"product_tag":[],"class_list":{"0":"post-2251","1":"product","2":"type-product","3":"status-publish","4":"has-post-thumbnail","6":"product_cat-wc-konteyner","8":"first","9":"instock","10":"taxable","11":"shipping-taxable","12":"product-type-simple"},"_links":{"self":[{"href":"https:\/\/wordpreshosting.com\/knt\/wp-json\/wp\/v2\/product\/2251","targetHints":{"allow":["GET"]}}],"collection":[{"href":"https:\/\/wordpreshosting.com\/knt\/wp-json\/wp\/v2\/product"}],"about":[{"href":"https:\/\/wordpreshosting.com\/knt\/wp-json\/wp\/v2\/types\/product"}],"replies":[{"embeddable":true,"href":"https:\/\/wordpreshosting.com\/knt\/wp-json\/wp\/v2\/comments?post=2251"}],"wp:featuredmedia":[{"embeddable":true,"href":"https:\/\/wordpreshosting.com\/knt\/wp-json\/wp\/v2\/media\/2252"}],"wp:attachment":[{"href":"https:\/\/wordpreshosting.com\/knt\/wp-json\/wp\/v2\/media?parent=2251"}],"wp:term":[{"taxonomy":"product_brand","embeddable":true,"href":"https:\/\/wordpreshosting.com\/knt\/wp-json\/wp\/v2\/product_brand?post=2251"},{"taxonomy":"product_cat","embeddable":true,"href":"https:\/\/wordpreshosting.com\/knt\/wp-json\/wp\/v2\/product_cat?post=2251"},{"taxonomy":"product_tag","embeddable":true,"href":"https:\/\/wordpreshosting.com\/knt\/wp-json\/wp\/v2\/product_tag?post=2251"}],"curies":[{"name":"wp","href":"https:\/\/api.w.org\/{rel}","templated":true}]}}