{"id":2483,"date":"2024-05-15T15:18:57","date_gmt":"2024-05-15T12:18:57","guid":{"rendered":"https:\/\/wordpreshosting.com\/knt\/?post_type=product&#038;p=2483"},"modified":"2025-06-26T12:50:03","modified_gmt":"2025-06-26T09:50:03","slug":"sandvic-panel-catili","status":"publish","type":"product","link":"https:\/\/wordpreshosting.com\/knt\/sandvic-panel-catili\/","title":{"rendered":"Sandvi\u00e7 Panel \u00c7at\u0131l\u0131 Konteyner Ev"},"content":{"rendered":"<h2>Sandvi\u00e7 Panel \u00c7at\u0131l\u0131 Konteyner Ev Malzemeleri Listesi<\/h2>\n<table>\n<thead>\n<tr>\n<th>Malzeme<\/th>\n<th>A\u00e7\u0131klama<\/th>\n<\/tr>\n<\/thead>\n<tbody>\n<tr>\n<td>Duvar<\/td>\n<td>14mm Alt Taban Betopan Kaplamas\u0131<\/td>\n<\/tr>\n<tr>\n<td>Duvar<\/td>\n<td>40mm Sandvi\u00e7 Panel<\/td>\n<\/tr>\n<tr>\n<td>Zemin<\/td>\n<td>1-2mm Mineflo Yer D\u00f6\u015femesi<\/td>\n<\/tr>\n<tr>\n<td>Duvar Kaplama<\/td>\n<td>10mm Kal\u0131nl\u0131\u011f\u0131nda Pvc Lambiri<\/td>\n<\/tr>\n<tr>\n<td>Yal\u0131t\u0131m<\/td>\n<td>50mm Kal\u0131nl\u0131\u011f\u0131nda Cam Y\u00fcn\u00fc<\/td>\n<\/tr>\n<tr>\n<td>\u00c7at\u0131<\/td>\n<td>0,5mm \u00d6zel Profil Galvaniz Sa\u00e7 (Trapez Sa\u00e7)<\/td>\n<\/tr>\n<tr>\n<td>D\u0131\u015f Kap\u0131<\/td>\n<td>900x2000mm 40mm Kal\u0131nl\u0131\u011f\u0131nda Sa\u00e7 Kap\u0131<\/td>\n<\/tr>\n<tr>\n<td>\u0130\u00e7 Kap\u0131<\/td>\n<td>800x2000mm Amerikan Pres Panel Kap\u0131<\/td>\n<\/tr>\n<tr>\n<td>Kilit &amp; Kolu<\/td>\n<td>Kap\u0131 Kilidi ve Kap\u0131 Kolu<\/td>\n<\/tr>\n<tr>\n<td>Pencere<\/td>\n<td>100&#215;120 Pvc Pencere<\/td>\n<\/tr>\n<tr>\n<td>Menfez<\/td>\n<td>15&#215;15<\/td>\n<\/tr>\n<tr>\n<td>\u0130\u00e7 Ayd\u0131nlatmalar<\/td>\n<td>(\u0130\u00e7 Glep)<\/td>\n<\/tr>\n<tr>\n<td>Kablolar<\/td>\n<td>NYM 3&#215;1,5 &#8211; 3&#215;2,5mm\u00b2 (TSE &#8211; ISO)<\/td>\n<\/tr>\n<tr>\n<td>NYM Kablo<\/td>\n<td>220 Volt Kapasiteli 1034<\/td>\n<\/tr>\n<tr>\n<td>Sigorta Kutusu<\/td>\n<td>TSE\u2019li 2\u2019li Kapak S\u0131va \u00dcst\u00fc<\/td>\n<\/tr>\n<tr>\n<td>Priz<\/td>\n<td>TSE\u2019li S\u0131va \u00dcst\u00fc<\/td>\n<\/tr>\n<tr>\n<td>Anahtar<\/td>\n<td>TSE\u2019li S\u0131va \u00dcst\u00fc<\/td>\n<\/tr>\n<tr>\n<td>Borular<\/td>\n<td>Tesisat ve Borular<\/td>\n<\/tr>\n<tr>\n<td>Klozet<\/td>\n<td>Alafranga Klozet Seti<\/td>\n<\/tr>\n<tr>\n<td>Lavabo<\/td>\n<td>El Y\u0131kama Lavabosu<\/td>\n<\/tr>\n<tr>\n<td>Du\u015f Teknesi<\/td>\n<td>70x70cm<\/td>\n<\/tr>\n<tr>\n<td>Musluklar<\/td>\n<td>Musluklar<\/td>\n<\/tr>\n<tr>\n<td>Mutfak Evyesi<\/td>\n<td>100&#215;50<\/td>\n<\/tr>\n<\/tbody>\n<\/table>\n<p>**Not:** Bu listedeki malzemeler standart bir konteyner ev i\u00e7indir. \u0130htiya\u00e7lar\u0131n\u0131za ve b\u00fct\u00e7enize g\u00f6re de\u011fi\u015fiklikler olabilir.<\/p>\n<p>&nbsp;<\/p>\n","protected":false},"excerpt":{"rendered":"<table border=\"1\">\n<tbody>\n<tr>\n<td>Y\u00fckseklik<\/td>\n<td>2,50 m<\/td>\n<\/tr>\n<tr>\n<td>Geni\u015flik<\/td>\n<td>7,00 m<\/td>\n<\/tr>\n<tr>\n<td>Derinlik<\/td>\n<td>3,00 m<\/td>\n<\/tr>\n<tr>\n<td>Toplam m\u00b2<\/td>\n<td>21 m\u00b2<\/td>\n<\/tr>\n<\/tbody>\n<\/table>\n<ul class=\"pl-3 pt-2\">\n<li>Y\u00fcksek Tavan Yal\u0131t\u0131m\u0131<\/li>\n<li>Standart konteynerin i\u00e7ten i\u00e7e y\u00fcksekli\u011fi: 225<\/li>\n<li>Standart konteynerin d\u0131\u015ftan d\u0131\u015fa y\u00fcksekli\u011fi: 250<\/li>\n<li>Elektrik Tesisat\u0131: \u0130\u00e7 glop, sigorta kutusu, priz ve anahtarlar tak\u0131lmaktad\u0131r.<\/li>\n<li>Ya\u015fam Konteyner \u0130\u00e7in S\u0131hhi Tesisat: Borular, Klozet, Lavabo, Du\u015f teknesi, tak\u0131lmaktad\u0131r.<\/li>\n<li>T\u00fcm konteynerler i\u015f\u00e7ilik hatalar\u0131na kar\u015f\u0131 1 y\u0131l garanti kapsam\u0131ndad\u0131r.<\/li>\n<\/ul>\n","protected":false},"featured_media":2438,"comment_status":"open","ping_status":"closed","template":"","meta":[],"product_brand":[],"product_cat":[39],"product_tag":[45],"class_list":{"0":"post-2483","1":"product","2":"type-product","3":"status-publish","4":"has-post-thumbnail","6":"product_cat-hazir-konteyner-ev","7":"product_tag-1-1-konteyner","9":"first","10":"instock","11":"sale","12":"taxable","13":"shipping-taxable","14":"purchasable","15":"product-type-simple"},"_links":{"self":[{"href":"https:\/\/wordpreshosting.com\/knt\/wp-json\/wp\/v2\/product\/2483","targetHints":{"allow":["GET"]}}],"collection":[{"href":"https:\/\/wordpreshosting.com\/knt\/wp-json\/wp\/v2\/product"}],"about":[{"href":"https:\/\/wordpreshosting.com\/knt\/wp-json\/wp\/v2\/types\/product"}],"replies":[{"embeddable":true,"href":"https:\/\/wordpreshosting.com\/knt\/wp-json\/wp\/v2\/comments?post=2483"}],"wp:featuredmedia":[{"embeddable":true,"href":"https:\/\/wordpreshosting.com\/knt\/wp-json\/wp\/v2\/media\/2438"}],"wp:attachment":[{"href":"https:\/\/wordpreshosting.com\/knt\/wp-json\/wp\/v2\/media?parent=2483"}],"wp:term":[{"taxonomy":"product_brand","embeddable":true,"href":"https:\/\/wordpreshosting.com\/knt\/wp-json\/wp\/v2\/product_brand?post=2483"},{"taxonomy":"product_cat","embeddable":true,"href":"https:\/\/wordpreshosting.com\/knt\/wp-json\/wp\/v2\/product_cat?post=2483"},{"taxonomy":"product_tag","embeddable":true,"href":"https:\/\/wordpreshosting.com\/knt\/wp-json\/wp\/v2\/product_tag?post=2483"}],"curies":[{"name":"wp","href":"https:\/\/api.w.org\/{rel}","templated":true}]}}