{"id":2648,"date":"2024-06-07T15:45:52","date_gmt":"2024-06-07T12:45:52","guid":{"rendered":"https:\/\/wordpreshosting.com\/knt\/?post_type=product&#038;p=2648"},"modified":"2025-01-20T16:20:56","modified_gmt":"2025-01-20T13:20:56","slug":"prefabrik-ev-98m","status":"publish","type":"product","link":"https:\/\/wordpreshosting.com\/knt\/prefabrik-ev-98m\/","title":{"rendered":"Prefabrik Ev (98m\u00b2)"},"content":{"rendered":"<div class=\"accordion\">\n\t<div id=\"accordion-2897930705\" class=\"accordion-item\">\n\t\t<a id=\"accordion-2897930705-label\" class=\"accordion-title plain\" href=\"#accordion-item-fiyata-dahil-olanlar\" aria-expanded=\"false\" aria-controls=\"accordion-2897930705-content\" >\n\t\t\t<button class=\"toggle\" aria-label=\"A\u00e7\/Kapat\"><i class=\"icon-angle-down\"><\/i><\/button>\n\t\t\t<span>Fiyata Dahil Olanlar<\/span>\n\t\t<\/a>\n\t\t<div id=\"accordion-2897930705-content\" class=\"accordion-inner\" aria-labelledby=\"accordion-2897930705-label\" >\n\t\t\t\n<ul>\n<li><strong>Konut Malzemelerinin Montaj\u0131<\/strong><\/li>\n<li><strong>Konut \u0130\u00e7 ve D\u0131\u015f Boya \u0130\u015flerinin Uygulanmas\u0131<\/strong><\/li>\n<li><strong>Konut \u0130\u00e7 ve D\u0131\u015f Kap\u0131lar\u0131n Montaj\u0131<\/strong><\/li>\n<li><strong>Konut Pencerelerin Montaj\u0131 (\u00c7ift Cam PCV)<\/strong><\/li>\n<li><strong>S\u0131va alt\u0131 elektrik ve su tesisat\u0131n\u0131n \u00e7ekilmesi<\/strong><\/li>\n<li><strong>Elektrik Armat\u00fcrlerinin Montaj\u0131<\/strong><\/li>\n<\/ul>\n\t\t<\/div>\n\t<\/div>\n\t\n\t<div id=\"accordion-1349425110\" class=\"accordion-item\">\n\t\t<a id=\"accordion-1349425110-label\" class=\"accordion-title plain\" href=\"#accordion-item-fiyata-dahil-olmayanlar\" aria-expanded=\"false\" aria-controls=\"accordion-1349425110-content\" >\n\t\t\t<button class=\"toggle\" aria-label=\"A\u00e7\/Kapat\"><i class=\"icon-angle-down\"><\/i><\/button>\n\t\t\t<span>Fiyata Dahil Olmayanlar<\/span>\n\t\t<\/a>\n\t\t<div id=\"accordion-1349425110-content\" class=\"accordion-inner\" aria-labelledby=\"accordion-1349425110-label\" >\n\t\t\t\n<ul>\n<li>Zemin betonu ve her t\u00fcrl\u00fc harfiyat i\u015fleri.<\/li>\n<li>Zemin ve duvar kaplama i\u015fleri (\u015fap,seramik,fayans,hal\u0131 vs.)<\/li>\n<li>Binan\u0131n kurulmas\u0131 i\u00e7in gerekli resmi izinlerin al\u0131nmas\u0131<\/li>\n<li>Bina ile zemin betonu aras\u0131ndaki her t\u00fcrl\u00fc yal\u0131t\u0131m i\u015fleri.<\/li>\n<li>Telefon ,bilgisayar ve UPS tesisatlar\u0131.<\/li>\n<li>Elektrik ana da\u011f\u0131t\u0131m\u0131 ve her t\u00fcrl\u00fc topraklama hatt\u0131.<\/li>\n<li>Elektrik ve Su Sayac\u0131<\/li>\n<li>Bina harici d\u0131\u015f ba\u011flant\u0131lar.(Elektrik , Pissu ve Temiz su vs.)<\/li>\n<li>Is\u0131tma ve so\u011futma tesisatlar\u0131 ( kalorifer , klima vs.)<\/li>\n<li>Mutfak alt \u00fcst dolaplar\u0131 ve banyo dolaplar\u0131<\/li>\n<li>Banyo vityifiye \u00fcr\u00fcnleri (Du\u015f teknesi, klozet, lavabo, bataryalar\u2026)<\/li>\n<li>Nakliye ve montaj ekibi masraflar\u0131 (yemek+i\u00e7me+konaklama) hesaplan\u0131p fiyata eklenecektir.<\/li>\n<\/ul>\n\t\t<\/div>\n\t<\/div>\n\t\n<\/div>\n<div class=\"accordion\">\n\t<div id=\"accordion-227948974\" class=\"accordion-item\">\n\t\t<a id=\"accordion-227948974-label\" class=\"accordion-title plain\" href=\"#accordion-item-\u00d6deme-plan\u0131-nas\u0131l-\u0130\u015fliyor?\" aria-expanded=\"false\" aria-controls=\"accordion-227948974-content\" >\n\t\t\t<button class=\"toggle\" aria-label=\"A\u00e7\/Kapat\"><i class=\"icon-angle-down\"><\/i><\/button>\n\t\t\t<span>\u00d6deme Plan\u0131 Nas\u0131l \u0130\u015fliyor?<\/span>\n\t\t<\/a>\n\t\t<div id=\"accordion-227948974-content\" class=\"accordion-inner\" aria-labelledby=\"accordion-227948974-label\" >\n\t\t\t\n<p>Lorem ipsum dolor sit amet, consectetuer adipiscing elit, sed diam nonummy nibh euismod tincidunt ut laoreet dolore magna aliquam erat volutpat.<\/p>\n\t\t<\/div>\n\t<\/div>\n\t\n\t<div id=\"accordion-3411005133\" class=\"accordion-item\">\n\t\t<a id=\"accordion-3411005133-label\" class=\"accordion-title plain\" href=\"#accordion-item-showroom-adresimiz-nerede?\" aria-expanded=\"false\" aria-controls=\"accordion-3411005133-content\" >\n\t\t\t<button class=\"toggle\" aria-label=\"A\u00e7\/Kapat\"><i class=\"icon-angle-down\"><\/i><\/button>\n\t\t\t<span>Showroom Adresimiz Nerede?<\/span>\n\t\t<\/a>\n\t\t<div id=\"accordion-3411005133-content\" class=\"accordion-inner\" aria-labelledby=\"accordion-3411005133-label\" >\n\t\t\t\n<p>Lorem ipsum dolor sit amet, consectetuer adipiscing elit, sed diam nonummy nibh euismod tincidunt ut laoreet dolore magna aliquam erat volutpat.<\/p>\n\t\t<\/div>\n\t<\/div>\n\t\n\t<div id=\"accordion-84744612\" class=\"accordion-item\">\n\t\t<a id=\"accordion-84744612-label\" class=\"accordion-title plain\" href=\"#accordion-item-prefabrik-evler-ka\u00e7-g\u00fcnde-teslim-edilir?\" aria-expanded=\"false\" aria-controls=\"accordion-84744612-content\" >\n\t\t\t<button class=\"toggle\" aria-label=\"A\u00e7\/Kapat\"><i class=\"icon-angle-down\"><\/i><\/button>\n\t\t\t<span>Prefabrik Evler Ka\u00e7 G\u00fcnde Teslim Edilir?<\/span>\n\t\t<\/a>\n\t\t<div id=\"accordion-84744612-content\" class=\"accordion-inner\" aria-labelledby=\"accordion-84744612-label\" >\n\t\t\t\n<p>Lorem ipsum dolor sit amet, consectetuer adipiscing elit, sed diam nonummy nibh euismod tincidunt ut laoreet dolore magna aliquam erat volutpat.<\/p>\n\t\t<\/div>\n\t<\/div>\n\t\n\t<div id=\"accordion-3260154321\" class=\"accordion-item\">\n\t\t<a id=\"accordion-3260154321-label\" class=\"accordion-title plain\" href=\"#accordion-item-\u0130stedi\u011finiz-planda-bir-bina-yapt\u0131r\u0131labilir-mi?\" aria-expanded=\"false\" aria-controls=\"accordion-3260154321-content\" >\n\t\t\t<button class=\"toggle\" aria-label=\"A\u00e7\/Kapat\"><i class=\"icon-angle-down\"><\/i><\/button>\n\t\t\t<span>\u0130stedi\u011finiz Planda Bir Bina Yapt\u0131r\u0131labilir Mi?<\/span>\n\t\t<\/a>\n\t\t<div id=\"accordion-3260154321-content\" class=\"accordion-inner\" aria-labelledby=\"accordion-3260154321-label\" >\n\t\t\t\n\t\t<\/div>\n\t<\/div>\n\t\n<\/div>\n<div class=\"accordion\">\n\t<div id=\"accordion-3660495108\" class=\"accordion-item\">\n\t\t<a id=\"accordion-3660495108-label\" class=\"accordion-title plain\" href=\"#accordion-item-binan\u0131n-\u0130n\u015fa-s\u00fcresinde-ruhsat-gerekir-mi?\" aria-expanded=\"false\" aria-controls=\"accordion-3660495108-content\" >\n\t\t\t<button class=\"toggle\" aria-label=\"A\u00e7\/Kapat\"><i class=\"icon-angle-down\"><\/i><\/button>\n\t\t\t<span>Binan\u0131n \u0130n\u015fa S\u00fcresinde Ruhsat Gerekir Mi?<\/span>\n\t\t<\/a>\n\t\t<div id=\"accordion-3660495108-content\" class=\"accordion-inner\" aria-labelledby=\"accordion-3660495108-label\" >\n\t\t\t\n\t\t<\/div>\n\t<\/div>\n\t\n\t<div id=\"accordion-2706383955\" class=\"accordion-item\">\n\t\t<a id=\"accordion-2706383955-label\" class=\"accordion-title plain\" href=\"#accordion-item-m\u00fc\u015fteri-taraf\u0131nda-yap\u0131lmas\u0131-gereken-\u015eeyler-nelerdir?\" aria-expanded=\"false\" aria-controls=\"accordion-2706383955-content\" >\n\t\t\t<button class=\"toggle\" aria-label=\"A\u00e7\/Kapat\"><i class=\"icon-angle-down\"><\/i><\/button>\n\t\t\t<span>M\u00fc\u015fteri Taraf\u0131nda Yap\u0131lmas\u0131 Gereken \u015eeyler Nelerdir?<\/span>\n\t\t<\/a>\n\t\t<div id=\"accordion-2706383955-content\" class=\"accordion-inner\" aria-labelledby=\"accordion-2706383955-label\" >\n\t\t\t\n<p>Lorem ipsum dolor sit amet, consectetuer adipiscing elit, sed diam nonummy nibh euismod tincidunt ut laoreet dolore magna aliquam erat volutpat.<\/p>\n\t\t<\/div>\n\t<\/div>\n\t\n\t<div id=\"accordion-1050511467\" class=\"accordion-item\">\n\t\t<a id=\"accordion-1050511467-label\" class=\"accordion-title plain\" href=\"#accordion-item-prefabrik-evlerin-nakliye-s\u00fcreci-nas\u0131l-\u0130\u015fler?\" aria-expanded=\"false\" aria-controls=\"accordion-1050511467-content\" >\n\t\t\t<button class=\"toggle\" aria-label=\"A\u00e7\/Kapat\"><i class=\"icon-angle-down\"><\/i><\/button>\n\t\t\t<span>Prefabrik Evlerin Nakliye S\u00fcreci Nas\u0131l \u0130\u015fler?<\/span>\n\t\t<\/a>\n\t\t<div id=\"accordion-1050511467-content\" class=\"accordion-inner\" aria-labelledby=\"accordion-1050511467-label\" >\n\t\t\t\n<p>Lorem ipsum dolor sit amet, consectetuer adipiscing elit, sed diam nonummy nibh euismod tincidunt ut laoreet dolore magna aliquam erat volutpat.<\/p>\n\t\t<\/div>\n\t<\/div>\n\t\n<\/div>\n<div class=\"accordion\">\n\t<div id=\"accordion-2020293080\" class=\"accordion-item\">\n\t\t<a id=\"accordion-2020293080-label\" class=\"accordion-title plain\" href=\"#accordion-item-katolog-g\u00f6nderir-misiniz?\" aria-expanded=\"false\" aria-controls=\"accordion-2020293080-content\" >\n\t\t\t<button class=\"toggle\" aria-label=\"A\u00e7\/Kapat\"><i class=\"icon-angle-down\"><\/i><\/button>\n\t\t\t<span>Katolog G\u00f6nderir Misiniz?<\/span>\n\t\t<\/a>\n\t\t<div id=\"accordion-2020293080-content\" class=\"accordion-inner\" aria-labelledby=\"accordion-2020293080-label\" >\n\t\t\t\n<p>Lorem ipsum dolor sit amet, consectetuer adipiscing elit, sed diam nonummy nibh euismod tincidunt ut laoreet dolore magna aliquam erat volutpat.<\/p>\n\t\t<\/div>\n\t<\/div>\n\t\n\t<div id=\"accordion-2473728075\" class=\"accordion-item\">\n\t\t<a id=\"accordion-2473728075-label\" class=\"accordion-title plain\" href=\"#accordion-item-prefabrik-evin-duvar\u0131n\u0131-kendim-boyayabilir-miyim?\" aria-expanded=\"false\" aria-controls=\"accordion-2473728075-content\" >\n\t\t\t<button class=\"toggle\" aria-label=\"A\u00e7\/Kapat\"><i class=\"icon-angle-down\"><\/i><\/button>\n\t\t\t<span>Prefabrik Evin Duvar\u0131n\u0131 Kendim Boyayabilir Miyim?<\/span>\n\t\t<\/a>\n\t\t<div id=\"accordion-2473728075-content\" class=\"accordion-inner\" aria-labelledby=\"accordion-2473728075-label\" >\n\t\t\t\n\t\t<\/div>\n\t<\/div>\n\t\n<\/div>\n","protected":false},"excerpt":{"rendered":"<h2>Tek Katl\u0131 Prefabrik Ev (98m\u00b2) Plan\u0131<\/h2>\n<table>\n<tbody>\n<tr>\n<th>Oda<\/th>\n<th>Boyut (m\u00b2)<\/th>\n<\/tr>\n<tr>\n<td>Salon<\/td>\n<td>28 m\u00b2<\/td>\n<\/tr>\n<tr>\n<td>Yatak Odas\u0131<\/td>\n<td>14 m\u00b2<\/td>\n<\/tr>\n<tr>\n<td>Yatak Odas\u0131<\/td>\n<td>11 m\u00b2<\/td>\n<\/tr>\n<tr>\n<td>Yatak Odas\u0131<\/td>\n<td>10 m\u00b2<\/td>\n<\/tr>\n<tr>\n<td>Banyo<\/td>\n<td>6 m\u00b2<\/td>\n<\/tr>\n<tr>\n<td>Hol<\/td>\n<td>12 m\u00b2<\/td>\n<\/tr>\n<tr>\n<td>Mutfak<\/td>\n<td>10 m\u00b2<\/td>\n<\/tr>\n<tr>\n<td>Veranda<\/td>\n<td>4 m\u00b2<\/td>\n<\/tr>\n<\/tbody>\n<\/table>\n","protected":false},"featured_media":2618,"comment_status":"open","ping_status":"closed","template":"","meta":[],"product_brand":[],"product_cat":[21],"product_tag":[],"class_list":{"0":"post-2648","1":"product","2":"type-product","3":"status-publish","4":"has-post-thumbnail","6":"product_cat-prefabrik-evler","8":"first","9":"instock","10":"taxable","11":"shipping-taxable","12":"product-type-simple"},"_links":{"self":[{"href":"https:\/\/wordpreshosting.com\/knt\/wp-json\/wp\/v2\/product\/2648","targetHints":{"allow":["GET"]}}],"collection":[{"href":"https:\/\/wordpreshosting.com\/knt\/wp-json\/wp\/v2\/product"}],"about":[{"href":"https:\/\/wordpreshosting.com\/knt\/wp-json\/wp\/v2\/types\/product"}],"replies":[{"embeddable":true,"href":"https:\/\/wordpreshosting.com\/knt\/wp-json\/wp\/v2\/comments?post=2648"}],"wp:featuredmedia":[{"embeddable":true,"href":"https:\/\/wordpreshosting.com\/knt\/wp-json\/wp\/v2\/media\/2618"}],"wp:attachment":[{"href":"https:\/\/wordpreshosting.com\/knt\/wp-json\/wp\/v2\/media?parent=2648"}],"wp:term":[{"taxonomy":"product_brand","embeddable":true,"href":"https:\/\/wordpreshosting.com\/knt\/wp-json\/wp\/v2\/product_brand?post=2648"},{"taxonomy":"product_cat","embeddable":true,"href":"https:\/\/wordpreshosting.com\/knt\/wp-json\/wp\/v2\/product_cat?post=2648"},{"taxonomy":"product_tag","embeddable":true,"href":"https:\/\/wordpreshosting.com\/knt\/wp-json\/wp\/v2\/product_tag?post=2648"}],"curies":[{"name":"wp","href":"https:\/\/api.w.org\/{rel}","templated":true}]}}