{"id":6149,"date":"2026-02-24T12:31:50","date_gmt":"2026-02-24T12:31:50","guid":{"rendered":"https:\/\/wordpreshosting.com\/lujoo\/?page_id=6149"},"modified":"2026-02-24T13:14:53","modified_gmt":"2026-02-24T13:14:53","slug":"hizmetlerimiz","status":"publish","type":"page","link":"https:\/\/wordpreshosting.com\/lujoo\/hizmetlerimiz\/","title":{"rendered":"H\u0130ZMETLER\u0130M\u0130Z"},"content":{"rendered":"\t\t<div data-elementor-type=\"wp-page\" data-elementor-id=\"6149\" class=\"elementor elementor-6149\">\n\t\t\t\t\t\t<section class=\"elementor-section elementor-top-section elementor-element elementor-element-61e2aa79 elementor-section-full_width elementor-section-height-default elementor-section-height-default\" data-id=\"61e2aa79\" data-element_type=\"section\" data-e-type=\"section\">\n\t\t\t\t\t\t<div class=\"elementor-container elementor-column-gap-no\">\n\t\t\t\t\t<div class=\"elementor-column elementor-col-100 elementor-top-column elementor-element elementor-element-711123bb\" data-id=\"711123bb\" data-element_type=\"column\" data-e-type=\"column\">\n\t\t\t<div class=\"elementor-widget-wrap elementor-element-populated\">\n\t\t\t\t\t\t<section class=\"elementor-section elementor-inner-section elementor-element elementor-element-1489f7b8 elementor-section-boxed elementor-section-height-default elementor-section-height-default\" data-id=\"1489f7b8\" data-element_type=\"section\" data-e-type=\"section\">\n\t\t\t\t\t\t<div class=\"elementor-container elementor-column-gap-no\">\n\t\t\t\t\t<div class=\"elementor-column elementor-col-100 elementor-inner-column elementor-element elementor-element-2c6d0677\" data-id=\"2c6d0677\" data-element_type=\"column\" data-e-type=\"column\">\n\t\t\t<div class=\"elementor-widget-wrap elementor-element-populated\">\n\t\t\t\t\t\t<div class=\"elementor-element elementor-element-5e7346a elementor-widget elementor-widget-wellnezsectiontitle\" data-id=\"5e7346a\" data-element_type=\"widget\" data-e-type=\"widget\" data-widget_type=\"wellnezsectiontitle.default\">\n\t\t\t\t<div class=\"elementor-widget-container\">\n\t\t\t\t\t<!-- Section Title --><div class=\"title-area\" ><h2 class=\"sec-title3 title-selector h1\">Lujoo Beauty\n<\/h2><div class=\"section-title-image\"><img decoding=\"async\" src=\"https:\/\/wordpress.vecurosoft.com\/wellnez\/wp-content\/uploads\/2023\/03\/sec-shape-1.png\" alt=\"sec shape 1\"  \/><\/div><\/div><!-- End Section Title -->\t\t\t\t<\/div>\n\t\t\t\t<\/div>\n\t\t\t\t\t<\/div>\n\t\t<\/div>\n\t\t\t\t\t<\/div>\n\t\t<\/section>\n\t\t\t\t<section class=\"elementor-section elementor-inner-section elementor-element elementor-element-6b513891 elementor-section-boxed elementor-section-height-default elementor-section-height-default\" data-id=\"6b513891\" data-element_type=\"section\" data-e-type=\"section\">\n\t\t\t\t\t\t<div class=\"elementor-container elementor-column-gap-no\">\n\t\t\t\t\t<div class=\"elementor-column elementor-col-100 elementor-inner-column elementor-element elementor-element-6257470b\" data-id=\"6257470b\" data-element_type=\"column\" data-e-type=\"column\">\n\t\t\t<div class=\"elementor-widget-wrap elementor-element-populated\">\n\t\t\t\t\t\t<div class=\"elementor-element elementor-element-79a76bef elementor-widget elementor-widget-wellnezteammember\" data-id=\"79a76bef\" data-element_type=\"widget\" data-e-type=\"widget\" data-settings=\"{&quot;per_line&quot;:&quot;3&quot;,&quot;per_line_tablet&quot;:&quot;6&quot;,&quot;per_line_mobile&quot;:&quot;12&quot;}\" data-widget_type=\"wellnezteammember.default\">\n\t\t\t\t<div class=\"elementor-widget-container\">\n\t\t\t\t\t<section class=\"arrow-wrap\"><div class=\"container-xxl\"><div class=\"row\" data-slick-arrows=\"false\" data-slick-autoplay=\"true\"><div class=\"col-xl-3 col-md-6 col-sm-12\"  ><div class=\"team-style1\"><div class=\"team-img\"><a target=\"_blank\" rel=\"nofollow noopener\" href=\"https:\/\/wordpress.vecurosoft.com\/wellnez\/team-details\/\"><img decoding=\"async\" src=\"https:\/\/wordpreshosting.com\/lujoo\/wp-content\/uploads\/2026\/02\/kuafor7.jpg\" alt=\"kuafor7\"  \/><\/a><\/div><div class=\"team-content\"><h3 class=\"team-name h4\"><a target=\"_blank\" rel=\"nofollow noopener\" href=\"https:\/\/wordpress.vecurosoft.com\/wellnez\/team-details\/\">Cilt Bak\u0131m\u0131<\/a><\/h3><\/div><\/div><\/div><div class=\"col-xl-3 col-md-6 col-sm-12\"  ><div class=\"team-style1\"><div class=\"team-img\"><a target=\"_blank\" rel=\"nofollow noopener\" href=\"https:\/\/wordpress.vecurosoft.com\/wellnez\/team-details\/\"><img decoding=\"async\" src=\"https:\/\/wordpreshosting.com\/lujoo\/wp-content\/uploads\/2026\/02\/kuafor8.jpg\" alt=\"kuafor8\"  \/><\/a><\/div><div class=\"team-content\"><h3 class=\"team-name h4\"><a target=\"_blank\" rel=\"nofollow noopener\" href=\"https:\/\/wordpress.vecurosoft.com\/wellnez\/team-details\/\">Estetik ve G\u00fczellik<\/a><\/h3><p class=\"team-degi\">\n<\/p><\/div><\/div><\/div><div class=\"col-xl-3 col-md-6 col-sm-12\"  ><div class=\"team-style1\"><div class=\"team-img\"><a target=\"_blank\" rel=\"nofollow noopener\" href=\"https:\/\/wordpress.vecurosoft.com\/wellnez\/team-details\/\"><img decoding=\"async\" src=\"https:\/\/wordpreshosting.com\/lujoo\/wp-content\/uploads\/2026\/02\/Mikroblading.jpg\" alt=\"Mikroblading\"  \/><\/a><\/div><div class=\"team-content\"><h3 class=\"team-name h4\"><a target=\"_blank\" rel=\"nofollow noopener\" href=\"https:\/\/wordpress.vecurosoft.com\/wellnez\/team-details\/\">Mikroblading<\/a><\/h3><\/div><\/div><\/div><div class=\"col-xl-3 col-md-6 col-sm-12\"  ><div class=\"team-style1\"><div class=\"team-img\"><a target=\"_blank\" rel=\"nofollow noopener\" href=\"https:\/\/wordpress.vecurosoft.com\/wellnez\/team-details\/\"><img decoding=\"async\" src=\"https:\/\/wordpreshosting.com\/lujoo\/wp-content\/uploads\/layerslider\/projects\/Wellnez-Slider-5\/hero-couple-6.png\" alt=\"hero couple 6\"  \/><\/a><\/div><div class=\"team-content\"><h3 class=\"team-name h4\"><a target=\"_blank\" rel=\"nofollow noopener\" href=\"https:\/\/wordpress.vecurosoft.com\/wellnez\/team-details\/\">Makyaj<\/a><\/h3><\/div><\/div><\/div><div class=\"col-xl-3 col-md-6 col-sm-12\"  ><div class=\"team-style1\"><div class=\"team-img\"><a target=\"_blank\" rel=\"nofollow noopener\" href=\"https:\/\/wordpress.vecurosoft.com\/wellnez\/team-details\/\"><img decoding=\"async\" src=\"https:\/\/wordpreshosting.com\/lujoo\/wp-content\/uploads\/2026\/02\/kesim1.jpg\" alt=\"kesim1\"  \/><\/a><\/div><div class=\"team-content\"><h3 class=\"team-name h4\"><a target=\"_blank\" rel=\"nofollow noopener\" href=\"https:\/\/wordpress.vecurosoft.com\/wellnez\/team-details\/\">Sa\u00e7 Bak\u0131m ve Kesim<\/a><\/h3><\/div><\/div><\/div><div class=\"col-xl-3 col-md-6 col-sm-12\"  ><div class=\"team-style1\"><div class=\"team-img\"><a target=\"_blank\" rel=\"nofollow noopener\" href=\"https:\/\/wordpress.vecurosoft.com\/wellnez\/team-details\/\"><img decoding=\"async\" src=\"https:\/\/wordpreshosting.com\/lujoo\/wp-content\/uploads\/2026\/02\/kuafor6.jpg\" alt=\"kuafor6\"  \/><\/a><\/div><div class=\"team-content\"><h3 class=\"team-name h4\"><a target=\"_blank\" rel=\"nofollow noopener\" href=\"https:\/\/wordpress.vecurosoft.com\/wellnez\/team-details\/\">T\u0131rnak Hizmeti<\/a><\/h3><\/div><\/div><\/div><div class=\"col-xl-3 col-md-6 col-sm-12\"  ><div class=\"team-style1\"><div class=\"team-img\"><a target=\"_blank\" rel=\"nofollow noopener\" href=\"https:\/\/wordpress.vecurosoft.com\/wellnez\/team-details\/\"><img decoding=\"async\" src=\"https:\/\/wordpreshosting.com\/lujoo\/wp-content\/uploads\/2026\/02\/lazer.jpg\" alt=\"lazer\"  \/><\/a><\/div><div class=\"team-content\"><h3 class=\"team-name h4\"><a target=\"_blank\" rel=\"nofollow noopener\" href=\"https:\/\/wordpress.vecurosoft.com\/wellnez\/team-details\/\">Lazer Epilasyon Hizmeti   <\/a><\/h3><\/div><\/div><\/div><div class=\"col-xl-3 col-md-6 col-sm-12\"  ><div class=\"team-style1\"><div class=\"team-img\"><a target=\"_blank\" rel=\"nofollow noopener\" href=\"https:\/\/wordpress.vecurosoft.com\/wellnez\/team-details\/\"><img decoding=\"async\" src=\"https:\/\/wordpreshosting.com\/lujoo\/wp-content\/uploads\/2026\/02\/dovme.jpg\" alt=\"dovme\"  \/><\/a><\/div><div class=\"team-content\"><h3 class=\"team-name h4\"><a target=\"_blank\" rel=\"nofollow noopener\" href=\"https:\/\/wordpress.vecurosoft.com\/wellnez\/team-details\/\">D\u00f6vme ve Tattoo Hizmeti<\/a><\/h3><\/div><\/div><\/div><div class=\"col-xl-3 col-md-6 col-sm-12\"  ><div class=\"team-style1\"><div class=\"team-img\"><a target=\"_blank\" rel=\"nofollow noopener\" href=\"https:\/\/wordpress.vecurosoft.com\/wellnez\/team-details\/\"><img decoding=\"async\" src=\"https:\/\/wordpreshosting.com\/lujoo\/wp-content\/uploads\/2026\/02\/kuafor3.jpg\" alt=\"kuafor3\"  \/><\/a><\/div><div class=\"team-content\"><h3 class=\"team-name h4\"><a target=\"_blank\" rel=\"nofollow noopener\" href=\"https:\/\/wordpress.vecurosoft.com\/wellnez\/team-details\/\">B\u00f6lgesel \u0130ncelme<\/a><\/h3><p class=\"team-degi\">A\u011fda<\/p><\/div><\/div><\/div><div class=\"col-xl-3 col-md-6 col-sm-12\"  ><div class=\"team-style1\"><div class=\"team-img\"><a target=\"_blank\" rel=\"nofollow noopener\" href=\"https:\/\/wordpress.vecurosoft.com\/wellnez\/team-details\/\"><img decoding=\"async\" src=\"https:\/\/wordpreshosting.com\/lujoo\/wp-content\/uploads\/2026\/02\/kas-alma.12.jpg\" alt=\"kas alma.12\"  \/><\/a><\/div><div class=\"team-content\"><h3 class=\"team-name h4\"><a target=\"_blank\" rel=\"nofollow noopener\" href=\"https:\/\/wordpress.vecurosoft.com\/wellnez\/team-details\/\">Ka\u015f Alma<\/a><\/h3><\/div><\/div><\/div><div class=\"col-xl-3 col-md-6 col-sm-12\"  ><div class=\"team-style1\"><div class=\"team-img\"><a target=\"_blank\" rel=\"nofollow noopener\" href=\"https:\/\/wordpress.vecurosoft.com\/wellnez\/team-details\/\"><img decoding=\"async\" src=\"https:\/\/wordpreshosting.com\/lujoo\/wp-content\/uploads\/2026\/02\/pedikur.2.jpg\" alt=\"pedikur.2\"  \/><\/a><\/div><div class=\"team-content\"><h3 class=\"team-name h4\"><a target=\"_blank\" rel=\"nofollow noopener\" href=\"https:\/\/wordpress.vecurosoft.com\/wellnez\/team-details\/\">Pedik\u00fcr<\/a><\/h3><\/div><\/div><\/div><div class=\"col-xl-3 col-md-6 col-sm-12\"  ><div class=\"team-style1\"><div class=\"team-img\"><a target=\"_blank\" rel=\"nofollow noopener\" href=\"https:\/\/wordpress.vecurosoft.com\/wellnez\/team-details\/\"><img decoding=\"async\" src=\"https:\/\/wordpreshosting.com\/lujoo\/wp-content\/uploads\/2026\/02\/kuafor6-1.jpg\" alt=\"kuafor6 1\"  \/><\/a><\/div><div class=\"team-content\"><h3 class=\"team-name h4\"><a target=\"_blank\" rel=\"nofollow noopener\" href=\"https:\/\/wordpress.vecurosoft.com\/wellnez\/team-details\/\">Manik\u00fcr<\/a><\/h3><\/div><\/div><\/div><div class=\"col-xl-3 col-md-6 col-sm-12\"  ><div class=\"team-style1\"><div class=\"team-img\"><a target=\"_blank\" rel=\"nofollow noopener\" href=\"https:\/\/wordpress.vecurosoft.com\/wellnez\/team-details\/\"><img decoding=\"async\" src=\"https:\/\/wordpreshosting.com\/lujoo\/wp-content\/uploads\/2026\/02\/ipek-kirpik1.jpg\" alt=\"ipek kirpik1\"  \/><\/a><\/div><div class=\"team-content\"><h3 class=\"team-name h4\"><a target=\"_blank\" rel=\"nofollow noopener\" href=\"https:\/\/wordpress.vecurosoft.com\/wellnez\/team-details\/\">\u0130pek Kirpik<\/a><\/h3><\/div><\/div><\/div><div class=\"col-xl-3 col-md-6 col-sm-12\"  ><div class=\"team-style1\"><div class=\"team-img\"><a target=\"_blank\" rel=\"nofollow noopener\" href=\"https:\/\/wordpress.vecurosoft.com\/wellnez\/team-details\/\"><img decoding=\"async\" src=\"https:\/\/wordpreshosting.com\/lujoo\/wp-content\/uploads\/2026\/02\/protez-tirnak2.jpg\" alt=\"protez tirnak2\"  \/><\/a><\/div><div class=\"team-content\"><h3 class=\"team-name h4\"><a target=\"_blank\" rel=\"nofollow noopener\" href=\"https:\/\/wordpress.vecurosoft.com\/wellnez\/team-details\/\">Oje U\u011fulama<\/a><\/h3><\/div><\/div><\/div><div class=\"col-xl-3 col-md-6 col-sm-12\"  ><div class=\"team-style1\"><div class=\"team-img\"><a target=\"_blank\" rel=\"nofollow noopener\" href=\"https:\/\/wordpress.vecurosoft.com\/wellnez\/team-details\/\"><img decoding=\"async\" src=\"https:\/\/wordpreshosting.com\/lujoo\/wp-content\/uploads\/2026\/02\/protez-tirnak3.jpg\" alt=\"protez tirnak3\"  \/><\/a><\/div><div class=\"team-content\"><h3 class=\"team-name h4\"><a target=\"_blank\" rel=\"nofollow noopener\" href=\"https:\/\/wordpress.vecurosoft.com\/wellnez\/team-details\/\">Protez T\u0131rnak<\/a><\/h3><\/div><\/div><\/div><div class=\"col-xl-3 col-md-6 col-sm-12\"  ><div class=\"team-style1\"><div class=\"team-img\"><a target=\"_blank\" rel=\"nofollow noopener\" href=\"https:\/\/wordpress.vecurosoft.com\/wellnez\/team-details\/\"><img decoding=\"async\" src=\"https:\/\/wordpreshosting.com\/lujoo\/wp-content\/uploads\/2026\/02\/el-ayak-bakim1.jpg\" alt=\"el ayak bakim1\"  \/><\/a><\/div><div class=\"team-content\"><h3 class=\"team-name h4\"><a target=\"_blank\" rel=\"nofollow noopener\" href=\"https:\/\/wordpress.vecurosoft.com\/wellnez\/team-details\/\">El Ayak Bak\u0131m<\/a><\/h3><\/div><\/div><\/div><\/div><\/div><\/section>\t\t\t\t<\/div>\n\t\t\t\t<\/div>\n\t\t\t\t\t<\/div>\n\t\t<\/div>\n\t\t\t\t\t<\/div>\n\t\t<\/section>\n\t\t\t\t\t<\/div>\n\t\t<\/div>\n\t\t\t\t\t<\/div>\n\t\t<\/section>\n\t\t\t\t<\/div>\n\t\t","protected":false},"excerpt":{"rendered":"<p>Lujoo Beauty Cilt Bak\u0131m\u0131 Estetik ve G\u00fczellik Mikroblading Makyaj Sa\u00e7 Bak\u0131m ve Kesim T\u0131rnak Hizmeti Lazer Epilasyon Hizmeti D\u00f6vme ve Tattoo Hizmeti B\u00f6lgesel \u0130ncelme A\u011fda Ka\u015f Alma Pedik\u00fcr Manik\u00fcr \u0130pek Kirpik Oje U\u011fulama Protez T\u0131rnak El Ayak Bak\u0131m<\/p>\n","protected":false},"author":1,"featured_media":0,"parent":0,"menu_order":0,"comment_status":"closed","ping_status":"closed","template":"elementor_header_footer","meta":{"footnotes":""},"class_list":["post-6149","page","type-page","status-publish","hentry"],"_links":{"self":[{"href":"https:\/\/wordpreshosting.com\/lujoo\/wp-json\/wp\/v2\/pages\/6149","targetHints":{"allow":["GET"]}}],"collection":[{"href":"https:\/\/wordpreshosting.com\/lujoo\/wp-json\/wp\/v2\/pages"}],"about":[{"href":"https:\/\/wordpreshosting.com\/lujoo\/wp-json\/wp\/v2\/types\/page"}],"author":[{"embeddable":true,"href":"https:\/\/wordpreshosting.com\/lujoo\/wp-json\/wp\/v2\/users\/1"}],"replies":[{"embeddable":true,"href":"https:\/\/wordpreshosting.com\/lujoo\/wp-json\/wp\/v2\/comments?post=6149"}],"version-history":[{"count":52,"href":"https:\/\/wordpreshosting.com\/lujoo\/wp-json\/wp\/v2\/pages\/6149\/revisions"}],"predecessor-version":[{"id":6233,"href":"https:\/\/wordpreshosting.com\/lujoo\/wp-json\/wp\/v2\/pages\/6149\/revisions\/6233"}],"wp:attachment":[{"href":"https:\/\/wordpreshosting.com\/lujoo\/wp-json\/wp\/v2\/media?parent=6149"}],"curies":[{"name":"wp","href":"https:\/\/api.w.org\/{rel}","templated":true}]}}