{"id":93,"date":"2023-03-16T11:14:31","date_gmt":"2023-03-16T10:14:31","guid":{"rendered":"https:\/\/wordpress.vecurosoft.com\/wellnez\/?page_id=93"},"modified":"2026-02-24T11:35:34","modified_gmt":"2026-02-24T11:35:34","slug":"hakkimizda","status":"publish","type":"page","link":"https:\/\/wordpreshosting.com\/lujoo\/hakkimizda\/","title":{"rendered":"HAKKIMIZDA"},"content":{"rendered":"\t\t<div data-elementor-type=\"wp-page\" data-elementor-id=\"93\" class=\"elementor elementor-93\">\n\t\t\t\t\t\t<section class=\"elementor-section elementor-top-section elementor-element elementor-element-7c66d4f elementor-section-full_width elementor-section-stretched elementor-section-height-default elementor-section-height-default\" data-id=\"7c66d4f\" data-element_type=\"section\" data-e-type=\"section\" data-settings=\"{&quot;stretch_section&quot;:&quot;section-stretched&quot;}\">\n\t\t\t\t\t\t<div class=\"elementor-container elementor-column-gap-no\">\n\t\t\t\t\t<div class=\"elementor-column elementor-col-100 elementor-top-column elementor-element elementor-element-2b82df9\" data-id=\"2b82df9\" data-element_type=\"column\" data-e-type=\"column\">\n\t\t\t<div class=\"elementor-widget-wrap elementor-element-populated\">\n\t\t\t\t\t\t<section class=\"elementor-section elementor-inner-section elementor-element elementor-element-41a5b9d elementor-section-boxed elementor-section-height-default elementor-section-height-default\" data-id=\"41a5b9d\" data-element_type=\"section\" data-e-type=\"section\">\n\t\t\t\t\t\t<div class=\"elementor-container elementor-column-gap-no\">\n\t\t\t\t\t<div class=\"elementor-column elementor-col-50 elementor-inner-column elementor-element elementor-element-a42710e\" data-id=\"a42710e\" data-element_type=\"column\" data-e-type=\"column\">\n\t\t\t<div class=\"elementor-widget-wrap elementor-element-populated\">\n\t\t\t\t\t\t<div class=\"elementor-element elementor-element-aa4a2d8 elementor-widget__width-auto elementor-widget elementor-widget-wellnezsectiontitle\" data-id=\"aa4a2d8\" data-element_type=\"widget\" data-e-type=\"widget\" data-widget_type=\"wellnezsectiontitle.default\">\n\t\t\t\t<div class=\"elementor-widget-container\">\n\t\t\t\t\t<!-- Section Title --><div class=\"title-area\" ><span class=\"sec-subtitle\">WELCOME<\/span><h2 class=\"sec-title3 title-selector h1\">We think your skin should look and refshed matter Nourish your outer inner beauty with our essential oil infused beauty should products.\n<\/h2><\/div><!-- End Section Title -->\t\t\t\t<\/div>\n\t\t\t\t<\/div>\n\t\t\t\t\t<\/div>\n\t\t<\/div>\n\t\t\t\t<div class=\"elementor-column elementor-col-50 elementor-inner-column elementor-element elementor-element-4dcd82e\" data-id=\"4dcd82e\" data-element_type=\"column\" data-e-type=\"column\">\n\t\t\t<div class=\"elementor-widget-wrap elementor-element-populated\">\n\t\t\t\t\t\t<div class=\"elementor-element elementor-element-abbd2ed elementor-widget__width-auto elementor-widget elementor-widget-wellnezbutton\" data-id=\"abbd2ed\" data-element_type=\"widget\" data-e-type=\"widget\" data-widget_type=\"wellnezbutton.default\">\n\t\t\t\t<div class=\"elementor-widget-container\">\n\t\t\t\t\t<!-- Button --><div class=\"circle-btn style2 btn-wrapper d-inline-flex\"><a href=\"https:\/\/wordpress.vecurosoft.com\/wellnez\/service\/\" class=\"btn-icon\" target=\"_blank\" rel=\"noopener\"><i class=\"far fa-arrow-right\"><\/i><\/a><div class=\"btn-text\"><svg viewBox=\"0 0 150 150\"><path id=\"textPathButton\" d=\"M 0,75 a 75,75 0 1,1 0,1 z\"><\/path><text><textPath href=\"#textPathButton\">to check our wellnez top rated services<\/textPath><\/text><\/svg><\/div><\/div>\t\t\t\t<\/div>\n\t\t\t\t<\/div>\n\t\t\t\t\t<\/div>\n\t\t<\/div>\n\t\t\t\t\t<\/div>\n\t\t<\/section>\n\t\t\t\t<section class=\"elementor-section elementor-inner-section elementor-element elementor-element-0d3503a elementor-section-boxed elementor-section-height-default elementor-section-height-default\" data-id=\"0d3503a\" data-element_type=\"section\" data-e-type=\"section\">\n\t\t\t\t\t\t<div class=\"elementor-container elementor-column-gap-no\">\n\t\t\t\t\t<div class=\"elementor-column elementor-col-100 elementor-inner-column elementor-element elementor-element-916ec5b\" data-id=\"916ec5b\" data-element_type=\"column\" data-e-type=\"column\">\n\t\t\t<div class=\"elementor-widget-wrap elementor-element-populated\">\n\t\t\t\t\t\t<div class=\"elementor-element elementor-element-2686f3a elementor-widget elementor-widget-image-carousel\" data-id=\"2686f3a\" data-element_type=\"widget\" data-e-type=\"widget\" data-settings=\"{&quot;slides_to_show&quot;:&quot;1&quot;,&quot;navigation&quot;:&quot;none&quot;,&quot;effect&quot;:&quot;fade&quot;,&quot;autoplay&quot;:&quot;yes&quot;,&quot;pause_on_hover&quot;:&quot;yes&quot;,&quot;pause_on_interaction&quot;:&quot;yes&quot;,&quot;autoplay_speed&quot;:5000,&quot;infinite&quot;:&quot;yes&quot;,&quot;speed&quot;:500}\" data-widget_type=\"image-carousel.default\">\n\t\t\t\t\t\t\t<div class=\"elementor-image-carousel-wrapper swiper\" role=\"region\" aria-roledescription=\"carousel\" aria-label=\"Resim D\u00f6ng\u00fcs\u00fc\" dir=\"ltr\">\n\t\t\t<div class=\"elementor-image-carousel swiper-wrapper swiper-image-stretch\" aria-live=\"off\">\n\t\t\t\t\t\t\t\t<div class=\"swiper-slide\" role=\"group\" aria-roledescription=\"slide\" aria-label=\"1 \/ 2\"><figure class=\"swiper-slide-inner\"><img decoding=\"async\" class=\"swiper-slide-image\" src=\"https:\/\/wordpreshosting.com\/lujoo\/wp-content\/uploads\/2023\/03\/ab-4-1.jpg\" alt=\"ab-4-1\" \/><\/figure><\/div><div class=\"swiper-slide\" role=\"group\" aria-roledescription=\"slide\" aria-label=\"2 \/ 2\"><figure class=\"swiper-slide-inner\"><img decoding=\"async\" class=\"swiper-slide-image\" src=\"https:\/\/wordpreshosting.com\/lujoo\/wp-content\/uploads\/2023\/03\/ab-4-2.jpg\" alt=\"ab-4-2\" \/><\/figure><\/div>\t\t\t<\/div>\n\t\t\t\t\t\t\t\n\t\t\t\t\t\t\t\t\t<\/div>\n\t\t\t\t\t\t<\/div>\n\t\t\t\t<div class=\"elementor-element elementor-element-5186d82 elementor-widget elementor-widget-text-editor\" data-id=\"5186d82\" data-element_type=\"widget\" data-e-type=\"widget\" data-widget_type=\"text-editor.default\">\n\t\t\t\t\t\t\t\t\tWe think your skin should look and refshed matter Nourish your outer inner beauty with our essential infused Lorem Ipsum is simply dummy text of the printing and typesetting industry. Lorem Ipsum has been industry&#8217;s standard dummy text ever since the 1500s, when an unknown printer took a galley of type and scrambled it to make a type specimen book. It has survived not only five centuries, but also the leap intoun.\t\t\t\t\t\t\t\t<\/div>\n\t\t\t\t\t<\/div>\n\t\t<\/div>\n\t\t\t\t\t<\/div>\n\t\t<\/section>\n\t\t\t\t<section class=\"elementor-section elementor-inner-section elementor-element elementor-element-22b0e42 elementor-section-boxed elementor-section-height-default elementor-section-height-default\" data-id=\"22b0e42\" data-element_type=\"section\" data-e-type=\"section\">\n\t\t\t\t\t\t<div class=\"elementor-container elementor-column-gap-no\">\n\t\t\t\t\t<div class=\"elementor-column elementor-col-100 elementor-inner-column elementor-element elementor-element-84cd218\" data-id=\"84cd218\" data-element_type=\"column\" data-e-type=\"column\">\n\t\t\t<div class=\"elementor-widget-wrap elementor-element-populated\">\n\t\t\t\t\t\t<section class=\"elementor-section elementor-inner-section elementor-element elementor-element-a8ad1df elementor-section-boxed elementor-section-height-default elementor-section-height-default\" data-id=\"a8ad1df\" data-element_type=\"section\" data-e-type=\"section\">\n\t\t\t\t\t\t<div class=\"elementor-container elementor-column-gap-no\">\n\t\t\t\t\t<div class=\"elementor-column elementor-col-33 elementor-inner-column elementor-element elementor-element-642d948\" data-id=\"642d948\" data-element_type=\"column\" data-e-type=\"column\">\n\t\t\t<div class=\"elementor-widget-wrap elementor-element-populated\">\n\t\t\t\t\t\t<div class=\"elementor-element elementor-element-8923ed2 elementor-widget elementor-widget-text-editor\" data-id=\"8923ed2\" data-element_type=\"widget\" data-e-type=\"widget\" data-widget_type=\"text-editor.default\">\n\t\t\t\t\t\t\t\t\t<h3 class=\"text-uppercase \">DISCOVER <span class=\"text-theme\">Wellnez<\/span> Service<\/h3>\t\t\t\t\t\t\t\t<\/div>\n\t\t\t\t<div class=\"elementor-element elementor-element-67221a2 elementor-widget elementor-widget-text-editor\" data-id=\"67221a2\" data-element_type=\"widget\" data-e-type=\"widget\" data-widget_type=\"text-editor.default\">\n\t\t\t\t\t\t\t\t\tLorem ipsum dolor sit amet consectetur adipisicing elit. Iusto velit, porro doloremque cupiditate sint, quam provident fugit facilis soluta eos quos ab laborum.\t\t\t\t\t\t\t\t<\/div>\n\t\t\t\t\t<\/div>\n\t\t<\/div>\n\t\t\t\t<div class=\"elementor-column elementor-col-33 elementor-inner-column elementor-element elementor-element-554965b\" data-id=\"554965b\" data-element_type=\"column\" data-e-type=\"column\">\n\t\t\t<div class=\"elementor-widget-wrap elementor-element-populated\">\n\t\t\t\t\t\t<div class=\"elementor-element elementor-element-ecd16eb elementor-widget__width-auto elementor-widget elementor-widget-text-editor\" data-id=\"ecd16eb\" data-element_type=\"widget\" data-e-type=\"widget\" data-widget_type=\"text-editor.default\">\n\t\t\t\t\t\t\t\t\t<div class=\"col-auto\"><span class=\"about-number\">01<\/span><\/div>\t\t\t\t\t\t\t\t<\/div>\n\t\t\t\t<div class=\"elementor-element elementor-element-f342725 elementor-widget__width-auto elementor-widget elementor-widget-text-editor\" data-id=\"f342725\" data-element_type=\"widget\" data-e-type=\"widget\" data-widget_type=\"text-editor.default\">\n\t\t\t\t\t\t\t\t\t<div class=\"col\">\n<h4 class=\"fw-medium fs-26 font-body mt-n1 mb-lg-3 pb-lg-1\">Beauty Should <br>Products<\/h4>\n<div class=\"list-style1\">\n<ul class=\"list-unstyled\">\n \t<li>Feature Support<\/li>\n \t<li>Expeort Care<\/li>\n \t<li>Brand Product<\/li>\n \t<li>Quite Enviorment<\/li>\n \t<li>Outstanding Look<\/li>\n \t<li>Popular Service<\/li>\n<\/ul>\n<\/div>\n<\/div>\t\t\t\t\t\t\t\t<\/div>\n\t\t\t\t<div class=\"elementor-element elementor-element-9692351 elementor-hidden-tablet elementor-hidden-mobile elementor-widget elementor-widget-wellnezanimationimage\" data-id=\"9692351\" data-element_type=\"widget\" data-e-type=\"widget\" data-widget_type=\"wellnezanimationimage.default\">\n\t\t\t\t<div class=\"elementor-widget-container\">\n\t\t\t\t\t<div class=\"shape1 jump shape-mockup d-none d-xl-inline-block\"><img decoding=\"async\" src=\"https:\/\/wordpress.vecurosoft.com\/wellnez\/wp-content\/uploads\/2023\/03\/leaf-1-6.png\" alt=\"leaf 1 6\"  \/><\/div>\t\t\t\t<\/div>\n\t\t\t\t<\/div>\n\t\t\t\t\t<\/div>\n\t\t<\/div>\n\t\t\t\t<div class=\"elementor-column elementor-col-33 elementor-inner-column elementor-element elementor-element-c9e71a9\" data-id=\"c9e71a9\" data-element_type=\"column\" data-e-type=\"column\">\n\t\t\t<div class=\"elementor-widget-wrap elementor-element-populated\">\n\t\t\t\t\t\t<div class=\"elementor-element elementor-element-431f5a8 elementor-widget__width-auto elementor-widget elementor-widget-text-editor\" data-id=\"431f5a8\" data-element_type=\"widget\" data-e-type=\"widget\" data-widget_type=\"text-editor.default\">\n\t\t\t\t\t\t\t\t\t<div class=\"col-auto\">\n                            <span class=\"about-number\">02<\/span>\n                        <\/div>\t\t\t\t\t\t\t\t<\/div>\n\t\t\t\t<div class=\"elementor-element elementor-element-938c1c3 elementor-widget__width-auto elementor-widget elementor-widget-text-editor\" data-id=\"938c1c3\" data-element_type=\"widget\" data-e-type=\"widget\" data-widget_type=\"text-editor.default\">\n\t\t\t\t\t\t\t\t\t<div class=\"col\">\n                            <h4 class=\"fw-medium fs-26 font-body mt-n1 mb-lg-3 pb-lg-1\">Popular Skin <br>Treatment<\/h4>\n                            <div class=\"list-style1\">\n                                <ul class=\"list-unstyled\">\n                                    <li>Relax Mind<\/li>\n                                    <li>Face Oil Massage<\/li>\n                                    <li>Body Massage<\/li>\n                                    <li>Black Massage<\/li>\n                                    <li>Outstanding Support<\/li>\n                                    <li>Happy Customers<\/li>\n                                <\/ul>\n                            <\/div>\n                        <\/div>\t\t\t\t\t\t\t\t<\/div>\n\t\t\t\t\t<\/div>\n\t\t<\/div>\n\t\t\t\t\t<\/div>\n\t\t<\/section>\n\t\t\t\t\t<\/div>\n\t\t<\/div>\n\t\t\t\t\t<\/div>\n\t\t<\/section>\n\t\t\t\t\t<\/div>\n\t\t<\/div>\n\t\t\t\t\t<\/div>\n\t\t<\/section>\n\t\t\t\t<section class=\"elementor-section elementor-top-section elementor-element elementor-element-c7b84f7 elementor-section-full_width elementor-section-height-default elementor-section-height-default\" data-id=\"c7b84f7\" data-element_type=\"section\" data-e-type=\"section\">\n\t\t\t\t\t\t\t<div class=\"elementor-background-overlay\"><\/div>\n\t\t\t\t\t\t\t<div class=\"elementor-container elementor-column-gap-no\">\n\t\t\t\t\t<div class=\"elementor-column elementor-col-100 elementor-top-column elementor-element elementor-element-33f17e1\" data-id=\"33f17e1\" data-element_type=\"column\" data-e-type=\"column\">\n\t\t\t<div class=\"elementor-widget-wrap elementor-element-populated\">\n\t\t\t\t\t\t<div class=\"elementor-element elementor-element-24827da elementor-hidden-tablet elementor-hidden-mobile elementor-widget elementor-widget-wellnezanimationimage\" data-id=\"24827da\" data-element_type=\"widget\" data-e-type=\"widget\" data-widget_type=\"wellnezanimationimage.default\">\n\t\t\t\t<div class=\"elementor-widget-container\">\n\t\t\t\t\t<div class=\"shape1 jump-reverse-img shape-mockup d-none d-xl-inline-block\"><img decoding=\"async\" src=\"https:\/\/wordpress.vecurosoft.com\/wellnez\/wp-content\/uploads\/2023\/03\/leaf-1-1.png\" alt=\"leaf 1 1\"  \/><\/div>\t\t\t\t<\/div>\n\t\t\t\t<\/div>\n\t\t\t\t<section class=\"elementor-section elementor-inner-section elementor-element elementor-element-32137a4 elementor-section-boxed elementor-section-height-default elementor-section-height-default\" data-id=\"32137a4\" data-element_type=\"section\" data-e-type=\"section\">\n\t\t\t\t\t\t<div class=\"elementor-container elementor-column-gap-no\">\n\t\t\t\t\t<div class=\"elementor-column elementor-col-100 elementor-inner-column elementor-element elementor-element-5897cc9\" data-id=\"5897cc9\" data-element_type=\"column\" data-e-type=\"column\">\n\t\t\t<div class=\"elementor-widget-wrap elementor-element-populated\">\n\t\t\t\t\t\t<div class=\"elementor-element elementor-element-0bba28c elementor-widget elementor-widget-wellnezsectiontitle\" data-id=\"0bba28c\" data-element_type=\"widget\" data-e-type=\"widget\" data-widget_type=\"wellnezsectiontitle.default\">\n\t\t\t\t<div class=\"elementor-widget-container\">\n\t\t\t\t\t<!-- Section Title --><div class=\"title-area\" ><span class=\"sec-subtitle\">CLIENT TESTIMONIAL<\/span><h2 class=\"sec-title3 title-selector h1\">Wellnes Customers<\/h2><\/div><!-- End Section Title -->\t\t\t\t<\/div>\n\t\t\t\t<\/div>\n\t\t\t\t\t<\/div>\n\t\t<\/div>\n\t\t\t\t\t<\/div>\n\t\t<\/section>\n\t\t\t\t<section class=\"elementor-section elementor-inner-section elementor-element elementor-element-cce7913 elementor-section-content-bottom elementor-section-boxed elementor-section-height-default elementor-section-height-default\" data-id=\"cce7913\" data-element_type=\"section\" data-e-type=\"section\">\n\t\t\t\t\t\t<div class=\"elementor-container elementor-column-gap-no\">\n\t\t\t\t\t<div class=\"elementor-column elementor-col-100 elementor-inner-column elementor-element elementor-element-398147f\" data-id=\"398147f\" data-element_type=\"column\" data-e-type=\"column\">\n\t\t\t<div class=\"elementor-widget-wrap elementor-element-populated\">\n\t\t\t\t\t\t<div class=\"elementor-element elementor-element-e2795a2 elementor-hidden-tablet elementor-hidden-mobile elementor-widget elementor-widget-wellnezanimationimage\" data-id=\"e2795a2\" data-element_type=\"widget\" data-e-type=\"widget\" data-widget_type=\"wellnezanimationimage.default\">\n\t\t\t\t<div class=\"elementor-widget-container\">\n\t\t\t\t\t<div class=\"shape1 jump shape-mockup d-none d-xl-inline-block\"><img decoding=\"async\" src=\"https:\/\/wordpress.vecurosoft.com\/wellnez\/wp-content\/uploads\/2023\/03\/leaf-1-8.png\" alt=\"leaf 1 8\"  \/><\/div>\t\t\t\t<\/div>\n\t\t\t\t<\/div>\n\t\t\t\t<div class=\"elementor-element elementor-element-70cab55 elementor-widget elementor-widget-wellneztestimonialslider\" data-id=\"70cab55\" data-element_type=\"widget\" data-e-type=\"widget\" data-widget_type=\"wellneztestimonialslider.default\">\n\t\t\t\t<div class=\"elementor-widget-container\">\n\t\t\t\t\t\t\t\t\t\t\t<div class=\"testi-style2\">\r\n\t\t\t\t\t\t\t\t\t\t\t<span class=\"vs-icon\">\r\n\t\t\t\t\t\t\t<img decoding=\"async\" src=\"https:\/\/wordpress.vecurosoft.com\/wellnez\/wp-content\/uploads\/2023\/03\/quote-1-1.png\" alt=\"icon\"  \/>\t\t\t\t\t\t<\/span>\r\n\t\t\t\t\t\t\t\t\t\t<div class=\"testimonial-carousel2\" data-slide-to-show=\"1\">\r\n\t\t\t\t\t\t\t\t\t\t\t\t\t<div>\r\n\t\t\t\t\t\t\t\t\t\t\t\t\t\t\t\t\t<p class=\"testi-text\">\r\n\t\t\t\t\t\t\t\t\t\t\u201cCreation timelines for the standard lorem ipsum passage vary, with some  citing the 15th century and others the part of Cicero\u201d\t\t\t\t\t\t\t\t\t<\/p>\r\n\t\t\t\t\t\t\t\t\t\t\t\t\t\t\t\t\t\t\t\t\t\t\t\t\t<div class=\"arrow-shape\">\r\n\t\t\t\t\t\t\t\t\t\t<i class=\"arrow\"><\/i>\r\n\t\t\t\t\t\t\t\t\t\t<i class=\"arrow\"><\/i>\r\n\t\t\t\t\t\t\t\t\t\t<i class=\"arrow\"><\/i>\r\n\t\t\t\t\t\t\t\t\t\t<i class=\"arrow\"><\/i>\r\n\t\t\t\t\t\t\t\t\t<\/div>\r\n\t\t\t\t\t\t\t\t\t\t\t\t\t\t\t\t\t\t\t\t\t\t\t\t\t<h3 class=\"testi-name h5\">Vivi Marian<\/h3>\r\n\t\t\t\t\t\t\t\t\t\t\t\t\t\t\t\t\t\t\t\t\t\t\t\t\t<span class=\"testi-degi\">Customer<\/span>\r\n\t\t\t\t\t\t\t\t\t\t\t\t\t\t\t<\/div>\r\n\t\t\t\t\t\t\t\t\t\t\t\t\t<div>\r\n\t\t\t\t\t\t\t\t\t\t\t\t\t\t\t\t\t<p class=\"testi-text\">\r\n\t\t\t\t\t\t\t\t\t\t\u201cWe think your skin should look and refshed matter Nourish your outer\ninner beauty with our essential oil infused beauty products\u201d\t\t\t\t\t\t\t\t\t<\/p>\r\n\t\t\t\t\t\t\t\t\t\t\t\t\t\t\t\t\t\t\t\t\t\t\t\t\t<div class=\"arrow-shape\">\r\n\t\t\t\t\t\t\t\t\t\t<i class=\"arrow\"><\/i>\r\n\t\t\t\t\t\t\t\t\t\t<i class=\"arrow\"><\/i>\r\n\t\t\t\t\t\t\t\t\t\t<i class=\"arrow\"><\/i>\r\n\t\t\t\t\t\t\t\t\t\t<i class=\"arrow\"><\/i>\r\n\t\t\t\t\t\t\t\t\t<\/div>\r\n\t\t\t\t\t\t\t\t\t\t\t\t\t\t\t\t\t\t\t\t\t\t\t\t\t<h3 class=\"testi-name h5\">Thomas Muller<\/h3>\r\n\t\t\t\t\t\t\t\t\t\t\t\t\t\t\t\t\t\t\t\t\t\t\t\t\t<span class=\"testi-degi\">CEO, SPATHINK<\/span>\r\n\t\t\t\t\t\t\t\t\t\t\t\t\t\t\t<\/div>\r\n\t\t\t\t\t\t\t\t\t\t\t<\/div>\r\n\t\t\t\t<\/div>\r\n\t\t\t\t\t\t\t\t\t<\/div>\n\t\t\t\t<\/div>\n\t\t\t\t\t<\/div>\n\t\t<\/div>\n\t\t\t\t\t<\/div>\n\t\t<\/section>\n\t\t\t\t\t<\/div>\n\t\t<\/div>\n\t\t\t\t\t<\/div>\n\t\t<\/section>\n\t\t\t\t<section class=\"elementor-section elementor-top-section elementor-element elementor-element-97a34a2 elementor-section-full_width elementor-section-height-default elementor-section-height-default\" data-id=\"97a34a2\" data-element_type=\"section\" data-e-type=\"section\">\n\t\t\t\t\t\t<div class=\"elementor-container elementor-column-gap-no\">\n\t\t\t\t\t<div class=\"elementor-column elementor-col-100 elementor-top-column elementor-element elementor-element-c034375\" data-id=\"c034375\" data-element_type=\"column\" data-e-type=\"column\">\n\t\t\t<div class=\"elementor-widget-wrap elementor-element-populated\">\n\t\t\t\t\t\t<section class=\"elementor-section elementor-inner-section elementor-element elementor-element-1861969 elementor-section-boxed elementor-section-height-default elementor-section-height-default\" data-id=\"1861969\" data-element_type=\"section\" data-e-type=\"section\">\n\t\t\t\t\t\t<div class=\"elementor-container elementor-column-gap-no\">\n\t\t\t\t\t<div class=\"elementor-column elementor-col-100 elementor-inner-column elementor-element elementor-element-1180a99\" data-id=\"1180a99\" data-element_type=\"column\" data-e-type=\"column\">\n\t\t\t<div class=\"elementor-widget-wrap elementor-element-populated\">\n\t\t\t\t\t\t<div class=\"elementor-element elementor-element-48a4f48 elementor-widget elementor-widget-wellnezsectiontitle\" data-id=\"48a4f48\" data-element_type=\"widget\" data-e-type=\"widget\" data-widget_type=\"wellnezsectiontitle.default\">\n\t\t\t\t<div class=\"elementor-widget-container\">\n\t\t\t\t\t<!-- Section Title --><div class=\"title-area\" ><span class=\"sec-subtitle\">OUR MEMBERS<\/span><h2 class=\"sec-title3 title-selector h1\">Expert Beautician\n<\/h2><div class=\"section-title-image\"><img decoding=\"async\" src=\"https:\/\/wordpress.vecurosoft.com\/wellnez\/wp-content\/uploads\/2023\/03\/sec-shape-1.png\" alt=\"sec shape 1\"  \/><\/div><\/div><!-- End Section Title -->\t\t\t\t<\/div>\n\t\t\t\t<\/div>\n\t\t\t\t\t<\/div>\n\t\t<\/div>\n\t\t\t\t\t<\/div>\n\t\t<\/section>\n\t\t\t\t<section class=\"elementor-section elementor-inner-section elementor-element elementor-element-7b89604 elementor-section-boxed elementor-section-height-default elementor-section-height-default\" data-id=\"7b89604\" data-element_type=\"section\" data-e-type=\"section\">\n\t\t\t\t\t\t<div class=\"elementor-container elementor-column-gap-no\">\n\t\t\t\t\t<div class=\"elementor-column elementor-col-100 elementor-inner-column elementor-element elementor-element-39072c1\" data-id=\"39072c1\" data-element_type=\"column\" data-e-type=\"column\">\n\t\t\t<div class=\"elementor-widget-wrap elementor-element-populated\">\n\t\t\t\t\t\t<div class=\"elementor-element elementor-element-4716be0 elementor-widget elementor-widget-wellnezteammember\" data-id=\"4716be0\" data-element_type=\"widget\" data-e-type=\"widget\" data-widget_type=\"wellnezteammember.default\">\n\t\t\t\t<div class=\"elementor-widget-container\">\n\t\t\t\t\t<section class=\"arrow-wrap\"><div class=\"container-xxl\"><div class=\"row team-carousel\" data-slick-arrows=\"true\" data-slick-autoplay=\"true\" data-slide-to-show=\"4\"><div class=\"col-xl- col-md- col-sm-\"  ><div class=\"team-style1\"><div class=\"team-img\"><a target=\"_blank\" rel=\"nofollow noopener\" href=\"https:\/\/wordpress.vecurosoft.com\/wellnez\/team-details\/\"><img decoding=\"async\" src=\"https:\/\/wordpress.vecurosoft.com\/wellnez\/wp-content\/uploads\/2023\/03\/team-1-1.png\" alt=\"team 1 1\"  \/><\/a><\/div><div class=\"team-content\"><h3 class=\"team-name h4\"><a target=\"_blank\" rel=\"nofollow noopener\" href=\"https:\/\/wordpress.vecurosoft.com\/wellnez\/team-details\/\">Lenda Murray<\/a><\/h3><p class=\"team-degi\">Founder &amp; CEO<\/p><\/div><\/div><\/div><div class=\"col-xl- col-md- col-sm-\"  ><div class=\"team-style1\"><div class=\"team-img\"><a target=\"_blank\" rel=\"nofollow noopener\" href=\"https:\/\/wordpress.vecurosoft.com\/wellnez\/team-details\/\"><img decoding=\"async\" src=\"https:\/\/wordpress.vecurosoft.com\/wellnez\/wp-content\/uploads\/2023\/03\/team-1-2.png\" alt=\"team 1 2\"  \/><\/a><\/div><div class=\"team-content\"><h3 class=\"team-name h4\"><a target=\"_blank\" rel=\"nofollow noopener\" href=\"https:\/\/wordpress.vecurosoft.com\/wellnez\/team-details\/\">Emely jonson<\/a><\/h3><p class=\"team-degi\">Manicure Expart<\/p><\/div><\/div><\/div><div class=\"col-xl- col-md- col-sm-\"  ><div class=\"team-style1\"><div class=\"team-img\"><a target=\"_blank\" rel=\"nofollow noopener\" href=\"https:\/\/wordpress.vecurosoft.com\/wellnez\/team-details\/\"><img decoding=\"async\" src=\"https:\/\/wordpress.vecurosoft.com\/wellnez\/wp-content\/uploads\/2023\/03\/team-1-3.png\" alt=\"team 1 3\"  \/><\/a><\/div><div class=\"team-content\"><h3 class=\"team-name h4\"><a target=\"_blank\" rel=\"nofollow noopener\" href=\"https:\/\/wordpress.vecurosoft.com\/wellnez\/team-details\/\">Arika Murray<\/a><\/h3><p class=\"team-degi\">Beautician<\/p><\/div><\/div><\/div><div class=\"col-xl- col-md- col-sm-\"  ><div class=\"team-style1\"><div class=\"team-img\"><a target=\"_blank\" rel=\"nofollow noopener\" href=\"https:\/\/wordpress.vecurosoft.com\/wellnez\/team-details\/\"><img decoding=\"async\" src=\"https:\/\/wordpress.vecurosoft.com\/wellnez\/wp-content\/uploads\/2023\/03\/team-1-4.png\" alt=\"team 1 4\"  \/><\/a><\/div><div class=\"team-content\"><h3 class=\"team-name h4\"><a target=\"_blank\" rel=\"nofollow noopener\" href=\"https:\/\/wordpress.vecurosoft.com\/wellnez\/team-details\/\">Lola Jonson<\/a><\/h3><p class=\"team-degi\">Spa Specialist<\/p><\/div><\/div><\/div><div class=\"col-xl- col-md- col-sm-\"  ><div class=\"team-style1\"><div class=\"team-img\"><a target=\"_blank\" rel=\"nofollow noopener\" href=\"https:\/\/wordpress.vecurosoft.com\/wellnez\/team-details\/\"><img decoding=\"async\" src=\"https:\/\/wordpress.vecurosoft.com\/wellnez\/wp-content\/uploads\/2023\/03\/team-1-5.png\" alt=\"team 1 5\"  \/><\/a><\/div><div class=\"team-content\"><h3 class=\"team-name h4\"><a target=\"_blank\" rel=\"nofollow noopener\" href=\"https:\/\/wordpress.vecurosoft.com\/wellnez\/team-details\/\">Rose Marian<\/a><\/h3><p class=\"team-degi\">Massage Expert<\/p><\/div><\/div><\/div><\/div><\/div><\/section>\t\t\t\t<\/div>\n\t\t\t\t<\/div>\n\t\t\t\t\t<\/div>\n\t\t<\/div>\n\t\t\t\t\t<\/div>\n\t\t<\/section>\n\t\t\t\t\t<\/div>\n\t\t<\/div>\n\t\t\t\t\t<\/div>\n\t\t<\/section>\n\t\t\t\t<\/div>\n\t\t","protected":false},"excerpt":{"rendered":"<p>WELCOME We think your skin should look and refshed matter Nourish your outer inner beauty with our essential oil infused beauty should products. to check our wellnez top rated services We think your skin should look and refshed matter Nourish your outer inner beauty with our essential infused Lorem Ipsum is simply dummy text of&#8230;<\/p>\n","protected":false},"author":1,"featured_media":0,"parent":0,"menu_order":0,"comment_status":"closed","ping_status":"closed","template":"template-builder.php","meta":{"footnotes":""},"class_list":["post-93","page","type-page","status-publish","hentry"],"_links":{"self":[{"href":"https:\/\/wordpreshosting.com\/lujoo\/wp-json\/wp\/v2\/pages\/93","targetHints":{"allow":["GET"]}}],"collection":[{"href":"https:\/\/wordpreshosting.com\/lujoo\/wp-json\/wp\/v2\/pages"}],"about":[{"href":"https:\/\/wordpreshosting.com\/lujoo\/wp-json\/wp\/v2\/types\/page"}],"author":[{"embeddable":true,"href":"https:\/\/wordpreshosting.com\/lujoo\/wp-json\/wp\/v2\/users\/1"}],"replies":[{"embeddable":true,"href":"https:\/\/wordpreshosting.com\/lujoo\/wp-json\/wp\/v2\/comments?post=93"}],"version-history":[{"count":2,"href":"https:\/\/wordpreshosting.com\/lujoo\/wp-json\/wp\/v2\/pages\/93\/revisions"}],"predecessor-version":[{"id":6105,"href":"https:\/\/wordpreshosting.com\/lujoo\/wp-json\/wp\/v2\/pages\/93\/revisions\/6105"}],"wp:attachment":[{"href":"https:\/\/wordpreshosting.com\/lujoo\/wp-json\/wp\/v2\/media?parent=93"}],"curies":[{"name":"wp","href":"https:\/\/api.w.org\/{rel}","templated":true}]}}